{"id":6102,"date":"2021-03-05T22:11:49","date_gmt":"2021-03-05T21:11:50","guid":{"rendered":"https:\/\/fernus.nl\/?post_type=product&#038;p=6102"},"modified":"2021-04-14T00:59:19","modified_gmt":"2021-04-13T22:59:19","slug":"pitstand","status":"publish","type":"product","link":"https:\/\/fernus.nl\/de\/produkt\/pitstand\/","title":{"rendered":"PitStand"},"content":{"rendered":"","protected":false},"excerpt":{"rendered":"<p class=\"p1\">Wir haben diesen PitStand speziell f\u00fcr Gasherde mit ebener Oberfl\u00e4che entwickelt. Mit dem PitStand k\u00f6nnen Sie Ihren FERNUS besser positionieren, damit die W\u00e4rme richtig einflie\u00dfen kann. Ideal f\u00fcr Gas auf Glas oder zum Beispiel Pitt Cooking. Der PitStand hebt FERNUS etwas h\u00f6her als Ihre Gasflamme, so dass weniger W\u00e4rme nach unten abgestrahlt wird. Auf diese Weise wird Ihre Natursteinplatte vor Strahlungsw\u00e4rme gesch\u00fctzt. Der PitStand besteht aus dickwandigem Metall und hat eine hitzebest\u00e4ndige, robuste, mattschwarze Beschichtung.<\/p>\n<ul>\n<li class=\"p1\">Abmessungen 40 x 10 Zentimeter<\/li>\n<li class=\"p1\">Gewicht 1 kg<\/li>\n<li class=\"p1\">Material Stahl mit mattschwarzer Beschichtung<\/li>\n<\/ul>\n","protected":false},"featured_media":6106,"comment_status":"closed","ping_status":"closed","template":"","meta":[],"product_cat":[84,86],"product_tag":[],"class_list":{"0":"post-6102","1":"product","2":"type-product","3":"status-publish","4":"has-post-thumbnail","6":"product_cat-zubehoer","7":"product_cat-fernus-de","9":"first","10":"instock","11":"featured","12":"taxable","13":"shipping-taxable","14":"purchasable","15":"product-type-simple"},"yoast_head":"<!-- This site is optimized with the Yoast SEO plugin v24.0 - https:\/\/yoast.com\/wordpress\/plugins\/seo\/ -->\n<title>PitStand - Fernus&amp;Friends<\/title>\n<meta name=\"description\" content=\"Mit dem PitStand k\u00f6nnen Sie Ihren FERNUS besser positionieren, damit die W\u00e4rme richtig einflie\u00dfen kann. Ideal f\u00fcr Gas auf Glas oder Pitt Cooking.\" \/>\n<meta name=\"robots\" content=\"index, follow, max-snippet:-1, max-image-preview:large, max-video-preview:-1\" \/>\n<link rel=\"canonical\" href=\"https:\/\/fernus.nl\/de\/produkt\/pitstand\/\" \/>\n<meta property=\"og:locale\" content=\"de_DE\" \/>\n<meta property=\"og:type\" content=\"article\" \/>\n<meta property=\"og:title\" content=\"PitStand - Fernus&amp;Friends\" \/>\n<meta property=\"og:description\" content=\"Mit dem PitStand k\u00f6nnen Sie Ihren FERNUS besser positionieren, damit die W\u00e4rme richtig einflie\u00dfen kann. Ideal f\u00fcr Gas auf Glas oder Pitt Cooking.\" \/>\n<meta property=\"og:url\" content=\"https:\/\/fernus.nl\/de\/produkt\/pitstand\/\" \/>\n<meta property=\"og:site_name\" content=\"Fernus&amp;Friends\" \/>\n<meta property=\"article:modified_time\" content=\"2021-04-13T22:59:19+00:00\" \/>\n<meta property=\"og:image\" content=\"https:\/\/fernus.nl\/wp-content\/uploads\/2021\/03\/pittstand.jpg\" \/>\n\t<meta property=\"og:image:width\" content=\"1200\" \/>\n\t<meta property=\"og:image:height\" content=\"1150\" \/>\n\t<meta property=\"og:image:type\" content=\"image\/jpeg\" \/>\n<meta name=\"twitter:card\" content=\"summary_large_image\" \/>\n<script type=\"application\/ld+json\" class=\"yoast-schema-graph\">{\"@context\":\"https:\/\/schema.org\",\"@graph\":[{\"@type\":\"WebPage\",\"@id\":\"https:\/\/fernus.nl\/de\/produkt\/pitstand\/\",\"url\":\"https:\/\/fernus.nl\/de\/produkt\/pitstand\/\",\"name\":\"PitStand - Fernus&amp;Friends\",\"isPartOf\":{\"@id\":\"https:\/\/fernus.nl\/de\/#website\"},\"primaryImageOfPage\":{\"@id\":\"https:\/\/fernus.nl\/de\/produkt\/pitstand\/#primaryimage\"},\"image\":{\"@id\":\"https:\/\/fernus.nl\/de\/produkt\/pitstand\/#primaryimage\"},\"thumbnailUrl\":\"https:\/\/fernus.nl\/wp-content\/uploads\/2021\/03\/pittstand.jpg\",\"datePublished\":\"2021-03-05T21:11:50+00:00\",\"dateModified\":\"2021-04-13T22:59:19+00:00\",\"description\":\"Mit dem PitStand k\u00f6nnen Sie Ihren FERNUS besser positionieren, damit die W\u00e4rme richtig einflie\u00dfen kann. Ideal f\u00fcr Gas auf Glas oder Pitt Cooking.\",\"breadcrumb\":{\"@id\":\"https:\/\/fernus.nl\/de\/produkt\/pitstand\/#breadcrumb\"},\"inLanguage\":\"de\",\"potentialAction\":[{\"@type\":\"ReadAction\",\"target\":[\"https:\/\/fernus.nl\/de\/produkt\/pitstand\/\"]}]},{\"@type\":\"ImageObject\",\"inLanguage\":\"de\",\"@id\":\"https:\/\/fernus.nl\/de\/produkt\/pitstand\/#primaryimage\",\"url\":\"https:\/\/fernus.nl\/wp-content\/uploads\/2021\/03\/pittstand.jpg\",\"contentUrl\":\"https:\/\/fernus.nl\/wp-content\/uploads\/2021\/03\/pittstand.jpg\",\"width\":1200,\"height\":1150},{\"@type\":\"BreadcrumbList\",\"@id\":\"https:\/\/fernus.nl\/de\/produkt\/pitstand\/#breadcrumb\",\"itemListElement\":[{\"@type\":\"ListItem\",\"position\":1,\"name\":\"Home\",\"item\":\"https:\/\/fernus.nl\/de\/\"},{\"@type\":\"ListItem\",\"position\":2,\"name\":\"Products\",\"item\":\"https:\/\/fernus.nl\/de\/shop\/\"},{\"@type\":\"ListItem\",\"position\":3,\"name\":\"PitStand\"}]},{\"@type\":\"WebSite\",\"@id\":\"https:\/\/fernus.nl\/de\/#website\",\"url\":\"https:\/\/fernus.nl\/de\/\",\"name\":\"Fernus&amp;Friends\",\"description\":\"Introducing Fernus Pizza oven\",\"potentialAction\":[{\"@type\":\"SearchAction\",\"target\":{\"@type\":\"EntryPoint\",\"urlTemplate\":\"https:\/\/fernus.nl\/de\/?s={search_term_string}\"},\"query-input\":{\"@type\":\"PropertyValueSpecification\",\"valueRequired\":true,\"valueName\":\"search_term_string\"}}],\"inLanguage\":\"de\"}]}<\/script>\n<!-- \/ Yoast SEO plugin. -->","yoast_head_json":{"title":"PitStand - Fernus&amp;Friends","description":"Mit dem PitStand k\u00f6nnen Sie Ihren FERNUS besser positionieren, damit die W\u00e4rme richtig einflie\u00dfen kann. Ideal f\u00fcr Gas auf Glas oder Pitt Cooking.","robots":{"index":"index","follow":"follow","max-snippet":"max-snippet:-1","max-image-preview":"max-image-preview:large","max-video-preview":"max-video-preview:-1"},"canonical":"https:\/\/fernus.nl\/de\/produkt\/pitstand\/","og_locale":"de_DE","og_type":"article","og_title":"PitStand - Fernus&amp;Friends","og_description":"Mit dem PitStand k\u00f6nnen Sie Ihren FERNUS besser positionieren, damit die W\u00e4rme richtig einflie\u00dfen kann. Ideal f\u00fcr Gas auf Glas oder Pitt Cooking.","og_url":"https:\/\/fernus.nl\/de\/produkt\/pitstand\/","og_site_name":"Fernus&amp;Friends","article_modified_time":"2021-04-13T22:59:19+00:00","og_image":[{"width":1200,"height":1150,"url":"https:\/\/fernus.nl\/wp-content\/uploads\/2021\/03\/pittstand.jpg","type":"image\/jpeg"}],"twitter_card":"summary_large_image","schema":{"@context":"https:\/\/schema.org","@graph":[{"@type":"WebPage","@id":"https:\/\/fernus.nl\/de\/produkt\/pitstand\/","url":"https:\/\/fernus.nl\/de\/produkt\/pitstand\/","name":"PitStand - Fernus&amp;Friends","isPartOf":{"@id":"https:\/\/fernus.nl\/de\/#website"},"primaryImageOfPage":{"@id":"https:\/\/fernus.nl\/de\/produkt\/pitstand\/#primaryimage"},"image":{"@id":"https:\/\/fernus.nl\/de\/produkt\/pitstand\/#primaryimage"},"thumbnailUrl":"https:\/\/fernus.nl\/wp-content\/uploads\/2021\/03\/pittstand.jpg","datePublished":"2021-03-05T21:11:50+00:00","dateModified":"2021-04-13T22:59:19+00:00","description":"Mit dem PitStand k\u00f6nnen Sie Ihren FERNUS besser positionieren, damit die W\u00e4rme richtig einflie\u00dfen kann. Ideal f\u00fcr Gas auf Glas oder Pitt Cooking.","breadcrumb":{"@id":"https:\/\/fernus.nl\/de\/produkt\/pitstand\/#breadcrumb"},"inLanguage":"de","potentialAction":[{"@type":"ReadAction","target":["https:\/\/fernus.nl\/de\/produkt\/pitstand\/"]}]},{"@type":"ImageObject","inLanguage":"de","@id":"https:\/\/fernus.nl\/de\/produkt\/pitstand\/#primaryimage","url":"https:\/\/fernus.nl\/wp-content\/uploads\/2021\/03\/pittstand.jpg","contentUrl":"https:\/\/fernus.nl\/wp-content\/uploads\/2021\/03\/pittstand.jpg","width":1200,"height":1150},{"@type":"BreadcrumbList","@id":"https:\/\/fernus.nl\/de\/produkt\/pitstand\/#breadcrumb","itemListElement":[{"@type":"ListItem","position":1,"name":"Home","item":"https:\/\/fernus.nl\/de\/"},{"@type":"ListItem","position":2,"name":"Products","item":"https:\/\/fernus.nl\/de\/shop\/"},{"@type":"ListItem","position":3,"name":"PitStand"}]},{"@type":"WebSite","@id":"https:\/\/fernus.nl\/de\/#website","url":"https:\/\/fernus.nl\/de\/","name":"Fernus&amp;Friends","description":"Introducing Fernus Pizza oven","potentialAction":[{"@type":"SearchAction","target":{"@type":"EntryPoint","urlTemplate":"https:\/\/fernus.nl\/de\/?s={search_term_string}"},"query-input":{"@type":"PropertyValueSpecification","valueRequired":true,"valueName":"search_term_string"}}],"inLanguage":"de"}]}},"_links":{"self":[{"href":"https:\/\/fernus.nl\/de\/wp-json\/wp\/v2\/product\/6102","targetHints":{"allow":["GET"]}}],"collection":[{"href":"https:\/\/fernus.nl\/de\/wp-json\/wp\/v2\/product"}],"about":[{"href":"https:\/\/fernus.nl\/de\/wp-json\/wp\/v2\/types\/product"}],"replies":[{"embeddable":true,"href":"https:\/\/fernus.nl\/de\/wp-json\/wp\/v2\/comments?post=6102"}],"wp:featuredmedia":[{"embeddable":true,"href":"https:\/\/fernus.nl\/de\/wp-json\/wp\/v2\/media\/6106"}],"wp:attachment":[{"href":"https:\/\/fernus.nl\/de\/wp-json\/wp\/v2\/media?parent=6102"}],"wp:term":[{"taxonomy":"product_cat","embeddable":true,"href":"https:\/\/fernus.nl\/de\/wp-json\/wp\/v2\/product_cat?post=6102"},{"taxonomy":"product_tag","embeddable":true,"href":"https:\/\/fernus.nl\/de\/wp-json\/wp\/v2\/product_tag?post=6102"}],"curies":[{"name":"wp","href":"https:\/\/api.w.org\/{rel}","templated":true}]}}