{"id":4528,"date":"2020-07-23T13:56:51","date_gmt":"2020-07-23T11:56:51","guid":{"rendered":"https:\/\/fairenheit.com\/product\/fernus-charcoal-matted-black\/"},"modified":"2021-04-14T09:19:05","modified_gmt":"2021-04-14T07:19:05","slug":"fernus-charcoal-matted-black","status":"publish","type":"product","link":"https:\/\/fernus.nl\/de\/produkt\/fernus-charcoal-matted-black\/","title":{"rendered":"Fernus Stovetop pizza-oven Charcoal Matted Black"},"content":{"rendered":"<div class=\"video-container responsive-embed widescreen\"><iframe loading=\"lazy\" title=\"Meneer Wateetons &amp;amp; de Fernus pizza-oven\" src=\"https:\/\/player.vimeo.com\/video\/481828036?dnt=1&amp;app_id=122963\" width=\"900\" height=\"506\" frameborder=\"0\" allow=\"autoplay; fullscreen\" allowfullscreen><\/iframe><\/div>\n<p>350 \u00b0C ist die optimale Temperatur f\u00fcr die Zubereitung von Pizzas, Flammkuchen oder beispielsweise Fladenbrot. Schon in etwa 3 Minuten ist Ihr Teigprodukt herrlich gar und knusprig und mit dem Abdruck des Leopardenmusters versehen, den Sie von Holz\u00f6fen aus dem Urlaub in Italien kennen.<\/p>\n<p><strong>Hocheffizient durch optimalen Luftstrom<\/strong><\/p>\n<p>Das patentierte Design gew\u00e4hrleistet ein gleichm\u00e4\u00dfiges Garen Ihres Produktes in k\u00fcrzester Zeit. Der abgeschr\u00e4gte Boden treibt die W\u00e4rme der Flammen nach innen und die abgerundeten Formen sorgen f\u00fcr eine gleichm\u00e4\u00dfige Zirkulation. So ist das Drehen der Pizza auf halber Strecke \u00fcberfl\u00fcssig.<\/p>\n<p>[vc_btn title=&#8220;ANLEITUNG&#8220; style=&#8220;flat&#8220; shape=&#8220;square&#8220; color=&#8220;black&#8220; i_icon_fontawesome=&#8220;fa fa-cogs&#8220; add_icon=&#8220;true&#8220; link=&#8220;url:https%3A%2F%2Ffernus.nl%2Fwp-content%2Fuploads%2F2021%2F03%2FFERNUS-Manual-EN-a3-HR-folder-feb-2021.pdf|target:%20_blank|&#8220;]<\/p>\n","protected":false},"excerpt":{"rendered":"<p><strong>Fernus Stovetop pizza oven &#8211; Charcoal Matted Black<\/strong> een non-stick coating die doet denken aan gietijzer.<\/p>\n<p>Perfekt f\u00fcr drinnen auf Ihrem Gasherd oder im Freien auf Ihrem Gartenherd. Der Fernus wird innerhalb von 10 Minuten auf 350 \u00b0C aufgeheizt, hei\u00dfer als Elektro\u00f6fen und daher supereffizient. Standardm\u00e4\u00dfig ist im Lieferumfang des Fernus ein Pizzastein aus Cordoriet und eine Pizzaschaufel inbegriffen. Der Stein garantiert einen knusprigen Pizzaboden.<\/p>\n","protected":false},"featured_media":4539,"comment_status":"closed","ping_status":"closed","template":"","meta":[],"product_cat":[86],"product_tag":[],"class_list":{"0":"post-4528","1":"product","2":"type-product","3":"status-publish","4":"has-post-thumbnail","6":"product_cat-fernus-de","8":"first","9":"instock","10":"featured","11":"taxable","12":"shipping-taxable","13":"purchasable","14":"product-type-simple"},"yoast_head":"<!-- This site is optimized with the Yoast SEO plugin v24.0 - https:\/\/yoast.com\/wordpress\/plugins\/seo\/ -->\n<title>Fernus Stovetop pizza-oven Charcoal Matted Black - Fernus&amp;Friends<\/title>\n<meta name=\"description\" content=\"Fernus Pizzaofen heizt innerhalb von 10 Minuten auf 350 Grad, hei\u00dfer als Elektro\u00f6fen und super effizient. Stellen Sie es auf Ihren Gasherd!\" \/>\n<meta name=\"robots\" content=\"index, follow, max-snippet:-1, max-image-preview:large, max-video-preview:-1\" \/>\n<link rel=\"canonical\" href=\"https:\/\/fernus.nl\/de\/produkt\/fernus-charcoal-matted-black\/\" \/>\n<meta property=\"og:locale\" content=\"de_DE\" \/>\n<meta property=\"og:type\" content=\"article\" \/>\n<meta property=\"og:title\" content=\"Fernus Stovetop pizza-oven Charcoal Matted Black - Fernus&amp;Friends\" \/>\n<meta property=\"og:description\" content=\"Fernus Pizzaofen heizt innerhalb von 10 Minuten auf 350 Grad, hei\u00dfer als Elektro\u00f6fen und super effizient. Stellen Sie es auf Ihren Gasherd!\" \/>\n<meta property=\"og:url\" content=\"https:\/\/fernus.nl\/de\/produkt\/fernus-charcoal-matted-black\/\" \/>\n<meta property=\"og:site_name\" content=\"Fernus&amp;Friends\" \/>\n<meta property=\"article:modified_time\" content=\"2021-04-14T07:19:05+00:00\" \/>\n<meta property=\"og:image\" content=\"https:\/\/fernus.nl\/wp-content\/uploads\/2020\/08\/Fernus-black3.jpg\" \/>\n\t<meta property=\"og:image:width\" content=\"1200\" \/>\n\t<meta property=\"og:image:height\" content=\"1150\" \/>\n\t<meta property=\"og:image:type\" content=\"image\/jpeg\" \/>\n<meta name=\"twitter:card\" content=\"summary_large_image\" \/>\n<meta name=\"twitter:label1\" content=\"Gesch\u00e4tzte Lesezeit\" \/>\n\t<meta name=\"twitter:data1\" content=\"1\u00a0Minute\" \/>\n<script type=\"application\/ld+json\" class=\"yoast-schema-graph\">{\"@context\":\"https:\/\/schema.org\",\"@graph\":[{\"@type\":\"WebPage\",\"@id\":\"https:\/\/fernus.nl\/de\/produkt\/fernus-charcoal-matted-black\/\",\"url\":\"https:\/\/fernus.nl\/de\/produkt\/fernus-charcoal-matted-black\/\",\"name\":\"Fernus Stovetop pizza-oven Charcoal Matted Black - Fernus&amp;Friends\",\"isPartOf\":{\"@id\":\"https:\/\/fernus.nl\/de\/#website\"},\"primaryImageOfPage\":{\"@id\":\"https:\/\/fernus.nl\/de\/produkt\/fernus-charcoal-matted-black\/#primaryimage\"},\"image\":{\"@id\":\"https:\/\/fernus.nl\/de\/produkt\/fernus-charcoal-matted-black\/#primaryimage\"},\"thumbnailUrl\":\"https:\/\/fernus.nl\/wp-content\/uploads\/2020\/08\/Fernus-black3.jpg\",\"datePublished\":\"2020-07-23T11:56:51+00:00\",\"dateModified\":\"2021-04-14T07:19:05+00:00\",\"description\":\"Fernus Pizzaofen heizt innerhalb von 10 Minuten auf 350 Grad, hei\u00dfer als Elektro\u00f6fen und super effizient. Stellen Sie es auf Ihren Gasherd!\",\"breadcrumb\":{\"@id\":\"https:\/\/fernus.nl\/de\/produkt\/fernus-charcoal-matted-black\/#breadcrumb\"},\"inLanguage\":\"de\",\"potentialAction\":[{\"@type\":\"ReadAction\",\"target\":[\"https:\/\/fernus.nl\/de\/produkt\/fernus-charcoal-matted-black\/\"]}]},{\"@type\":\"ImageObject\",\"inLanguage\":\"de\",\"@id\":\"https:\/\/fernus.nl\/de\/produkt\/fernus-charcoal-matted-black\/#primaryimage\",\"url\":\"https:\/\/fernus.nl\/wp-content\/uploads\/2020\/08\/Fernus-black3.jpg\",\"contentUrl\":\"https:\/\/fernus.nl\/wp-content\/uploads\/2020\/08\/Fernus-black3.jpg\",\"width\":1200,\"height\":1150,\"caption\":\"Fernus top oven\"},{\"@type\":\"BreadcrumbList\",\"@id\":\"https:\/\/fernus.nl\/de\/produkt\/fernus-charcoal-matted-black\/#breadcrumb\",\"itemListElement\":[{\"@type\":\"ListItem\",\"position\":1,\"name\":\"Home\",\"item\":\"https:\/\/fernus.nl\/de\/\"},{\"@type\":\"ListItem\",\"position\":2,\"name\":\"Products\",\"item\":\"https:\/\/fernus.nl\/de\/shop\/\"},{\"@type\":\"ListItem\",\"position\":3,\"name\":\"Fernus Stovetop pizza-oven Charcoal Matted Black\"}]},{\"@type\":\"WebSite\",\"@id\":\"https:\/\/fernus.nl\/de\/#website\",\"url\":\"https:\/\/fernus.nl\/de\/\",\"name\":\"Fernus&amp;Friends\",\"description\":\"Introducing Fernus Pizza oven\",\"potentialAction\":[{\"@type\":\"SearchAction\",\"target\":{\"@type\":\"EntryPoint\",\"urlTemplate\":\"https:\/\/fernus.nl\/de\/?s={search_term_string}\"},\"query-input\":{\"@type\":\"PropertyValueSpecification\",\"valueRequired\":true,\"valueName\":\"search_term_string\"}}],\"inLanguage\":\"de\"}]}<\/script>\n<!-- \/ Yoast SEO plugin. -->","yoast_head_json":{"title":"Fernus Stovetop pizza-oven Charcoal Matted Black - Fernus&amp;Friends","description":"Fernus Pizzaofen heizt innerhalb von 10 Minuten auf 350 Grad, hei\u00dfer als Elektro\u00f6fen und super effizient. Stellen Sie es auf Ihren Gasherd!","robots":{"index":"index","follow":"follow","max-snippet":"max-snippet:-1","max-image-preview":"max-image-preview:large","max-video-preview":"max-video-preview:-1"},"canonical":"https:\/\/fernus.nl\/de\/produkt\/fernus-charcoal-matted-black\/","og_locale":"de_DE","og_type":"article","og_title":"Fernus Stovetop pizza-oven Charcoal Matted Black - Fernus&amp;Friends","og_description":"Fernus Pizzaofen heizt innerhalb von 10 Minuten auf 350 Grad, hei\u00dfer als Elektro\u00f6fen und super effizient. Stellen Sie es auf Ihren Gasherd!","og_url":"https:\/\/fernus.nl\/de\/produkt\/fernus-charcoal-matted-black\/","og_site_name":"Fernus&amp;Friends","article_modified_time":"2021-04-14T07:19:05+00:00","og_image":[{"width":1200,"height":1150,"url":"https:\/\/fernus.nl\/wp-content\/uploads\/2020\/08\/Fernus-black3.jpg","type":"image\/jpeg"}],"twitter_card":"summary_large_image","twitter_misc":{"Gesch\u00e4tzte Lesezeit":"1\u00a0Minute"},"schema":{"@context":"https:\/\/schema.org","@graph":[{"@type":"WebPage","@id":"https:\/\/fernus.nl\/de\/produkt\/fernus-charcoal-matted-black\/","url":"https:\/\/fernus.nl\/de\/produkt\/fernus-charcoal-matted-black\/","name":"Fernus Stovetop pizza-oven Charcoal Matted Black - Fernus&amp;Friends","isPartOf":{"@id":"https:\/\/fernus.nl\/de\/#website"},"primaryImageOfPage":{"@id":"https:\/\/fernus.nl\/de\/produkt\/fernus-charcoal-matted-black\/#primaryimage"},"image":{"@id":"https:\/\/fernus.nl\/de\/produkt\/fernus-charcoal-matted-black\/#primaryimage"},"thumbnailUrl":"https:\/\/fernus.nl\/wp-content\/uploads\/2020\/08\/Fernus-black3.jpg","datePublished":"2020-07-23T11:56:51+00:00","dateModified":"2021-04-14T07:19:05+00:00","description":"Fernus Pizzaofen heizt innerhalb von 10 Minuten auf 350 Grad, hei\u00dfer als Elektro\u00f6fen und super effizient. Stellen Sie es auf Ihren Gasherd!","breadcrumb":{"@id":"https:\/\/fernus.nl\/de\/produkt\/fernus-charcoal-matted-black\/#breadcrumb"},"inLanguage":"de","potentialAction":[{"@type":"ReadAction","target":["https:\/\/fernus.nl\/de\/produkt\/fernus-charcoal-matted-black\/"]}]},{"@type":"ImageObject","inLanguage":"de","@id":"https:\/\/fernus.nl\/de\/produkt\/fernus-charcoal-matted-black\/#primaryimage","url":"https:\/\/fernus.nl\/wp-content\/uploads\/2020\/08\/Fernus-black3.jpg","contentUrl":"https:\/\/fernus.nl\/wp-content\/uploads\/2020\/08\/Fernus-black3.jpg","width":1200,"height":1150,"caption":"Fernus top oven"},{"@type":"BreadcrumbList","@id":"https:\/\/fernus.nl\/de\/produkt\/fernus-charcoal-matted-black\/#breadcrumb","itemListElement":[{"@type":"ListItem","position":1,"name":"Home","item":"https:\/\/fernus.nl\/de\/"},{"@type":"ListItem","position":2,"name":"Products","item":"https:\/\/fernus.nl\/de\/shop\/"},{"@type":"ListItem","position":3,"name":"Fernus Stovetop pizza-oven Charcoal Matted Black"}]},{"@type":"WebSite","@id":"https:\/\/fernus.nl\/de\/#website","url":"https:\/\/fernus.nl\/de\/","name":"Fernus&amp;Friends","description":"Introducing Fernus Pizza oven","potentialAction":[{"@type":"SearchAction","target":{"@type":"EntryPoint","urlTemplate":"https:\/\/fernus.nl\/de\/?s={search_term_string}"},"query-input":{"@type":"PropertyValueSpecification","valueRequired":true,"valueName":"search_term_string"}}],"inLanguage":"de"}]}},"_links":{"self":[{"href":"https:\/\/fernus.nl\/de\/wp-json\/wp\/v2\/product\/4528","targetHints":{"allow":["GET"]}}],"collection":[{"href":"https:\/\/fernus.nl\/de\/wp-json\/wp\/v2\/product"}],"about":[{"href":"https:\/\/fernus.nl\/de\/wp-json\/wp\/v2\/types\/product"}],"replies":[{"embeddable":true,"href":"https:\/\/fernus.nl\/de\/wp-json\/wp\/v2\/comments?post=4528"}],"wp:featuredmedia":[{"embeddable":true,"href":"https:\/\/fernus.nl\/de\/wp-json\/wp\/v2\/media\/4539"}],"wp:attachment":[{"href":"https:\/\/fernus.nl\/de\/wp-json\/wp\/v2\/media?parent=4528"}],"wp:term":[{"taxonomy":"product_cat","embeddable":true,"href":"https:\/\/fernus.nl\/de\/wp-json\/wp\/v2\/product_cat?post=4528"},{"taxonomy":"product_tag","embeddable":true,"href":"https:\/\/fernus.nl\/de\/wp-json\/wp\/v2\/product_tag?post=4528"}],"curies":[{"name":"wp","href":"https:\/\/api.w.org\/{rel}","templated":true}]}}