{"id":4509,"date":"2020-08-19T09:21:02","date_gmt":"2020-08-19T07:21:02","guid":{"rendered":"https:\/\/fairenheit.com\/product\/woodstack\/"},"modified":"2023-07-02T22:28:15","modified_gmt":"2023-07-02T20:28:15","slug":"woodstack","status":"publish","type":"product","link":"https:\/\/fernus.nl\/de\/produkt\/woodstack\/","title":{"rendered":"Woodstack"},"content":{"rendered":"<p>Woodstack-Holzlager k\u00f6nnen einzeln, horizontal, vertikal oder vertikal miteinander verbunden verwendet werden. Holzstapel k\u00f6nnen an die Wand geschraubt oder als Einzelst\u00fccke sowohl drinnen als auch drau\u00dfen verwendet werden. Machen Sie Ihren Brennholzspeicher so gro\u00df, wie Sie m\u00f6chten.<\/p>\n<p><strong>Eigenschaften<\/strong><br \/>\nErweiterbares System<br \/>\nF\u00fcr den Au\u00dfen- und Innenbereich<br \/>\nRostbest\u00e4ndige Beschichtung<br \/>\nSolide Qualit\u00e4t<br \/>\nEinfach miteinander zu verbinden<br \/>\nMachen Sie Ihren Brennholzspeicher so gro\u00df wie n\u00f6tig<br \/>\nKostenloser Versand<br \/>\n30 Tage, um Ihre Meinung zu \u00e4ndern und kostenlose R\u00fccksendungen<br \/>\nGewicht: 7 kg<br \/>\nAbmessungen: 26,5 x 43,5 x 72 cm<\/p>\n<p>[vc_btn title=&#8220;ANLEITUNG&#8220; style=&#8220;flat&#8220; shape=&#8220;square&#8220; color=&#8220;black&#8220; i_icon_fontawesome=&#8220;fa fa-cogs&#8220; add_icon=&#8220;true&#8220; link=&#8220;url:https%3A%2F%2Ffernus.nl%2Fwp-content%2Fuploads%2F2020%2F11%2FWoodStack-manual.pdf|target:%20_blank|&#8220;]<\/p>\n","protected":false},"excerpt":{"rendered":"<p><strong>Modulares Kaminholzregal<\/strong><\/p>\n<p>Bei dem Woodstack-Holzlagerungssystem handelt es sich um ein robustes Eisengestell. Wookstack kann einzeln verwendet, aber auch (sowohl horizontal als auch vertikal) miteinander verbunden werden.<\/p>\n<p>Das Woodstack-Holzlagerungssystem ist ein robustes Eisengestell. Es ist 72 cm hoch, 26,5 cm tief und 43,5 cm breit.<\/p>\n","protected":false},"featured_media":4510,"comment_status":"closed","ping_status":"closed","template":"","meta":[],"product_cat":[88],"product_tag":[],"class_list":{"0":"post-4509","1":"product","2":"type-product","3":"status-publish","4":"has-post-thumbnail","6":"product_cat-food-products-de-2","8":"first","9":"outofstock","10":"featured","11":"taxable","12":"shipping-taxable","13":"purchasable","14":"product-type-simple"},"yoast_head":"<!-- This site is optimized with the Yoast SEO plugin v24.0 - https:\/\/yoast.com\/wordpress\/plugins\/seo\/ -->\n<title>Woodstack - Fernus&amp;Friends<\/title>\n<meta name=\"description\" content=\"Holzlagerung WoodStack ist ein robustes und robustes Eisengestell mit einer hochwertigen rostbest\u00e4ndigen mattschwarzen Pulverbeschichtung.\" \/>\n<meta name=\"robots\" content=\"index, follow, max-snippet:-1, max-image-preview:large, max-video-preview:-1\" \/>\n<link rel=\"canonical\" href=\"https:\/\/fernus.nl\/de\/produkt\/woodstack\/\" \/>\n<meta property=\"og:locale\" content=\"de_DE\" \/>\n<meta property=\"og:type\" content=\"article\" \/>\n<meta property=\"og:title\" content=\"Woodstack - Fernus&amp;Friends\" \/>\n<meta property=\"og:description\" content=\"Holzlagerung WoodStack ist ein robustes und robustes Eisengestell mit einer hochwertigen rostbest\u00e4ndigen mattschwarzen Pulverbeschichtung.\" \/>\n<meta property=\"og:url\" content=\"https:\/\/fernus.nl\/de\/produkt\/woodstack\/\" \/>\n<meta property=\"og:site_name\" content=\"Fernus&amp;Friends\" \/>\n<meta property=\"article:modified_time\" content=\"2023-07-02T20:28:15+00:00\" \/>\n<meta property=\"og:image\" content=\"https:\/\/fernus.nl\/wp-content\/uploads\/2020\/08\/woodstack.jpg\" \/>\n\t<meta property=\"og:image:width\" content=\"1200\" \/>\n\t<meta property=\"og:image:height\" content=\"1200\" \/>\n\t<meta property=\"og:image:type\" content=\"image\/jpeg\" \/>\n<meta name=\"twitter:card\" content=\"summary_large_image\" \/>\n<meta name=\"twitter:label1\" content=\"Gesch\u00e4tzte Lesezeit\" \/>\n\t<meta name=\"twitter:data1\" content=\"1\u00a0Minute\" \/>\n<script type=\"application\/ld+json\" class=\"yoast-schema-graph\">{\"@context\":\"https:\/\/schema.org\",\"@graph\":[{\"@type\":\"WebPage\",\"@id\":\"https:\/\/fernus.nl\/de\/produkt\/woodstack\/\",\"url\":\"https:\/\/fernus.nl\/de\/produkt\/woodstack\/\",\"name\":\"Woodstack - Fernus&amp;Friends\",\"isPartOf\":{\"@id\":\"https:\/\/fernus.nl\/de\/#website\"},\"primaryImageOfPage\":{\"@id\":\"https:\/\/fernus.nl\/de\/produkt\/woodstack\/#primaryimage\"},\"image\":{\"@id\":\"https:\/\/fernus.nl\/de\/produkt\/woodstack\/#primaryimage\"},\"thumbnailUrl\":\"https:\/\/fernus.nl\/wp-content\/uploads\/2020\/08\/woodstack.jpg\",\"datePublished\":\"2020-08-19T07:21:02+00:00\",\"dateModified\":\"2023-07-02T20:28:15+00:00\",\"description\":\"Holzlagerung WoodStack ist ein robustes und robustes Eisengestell mit einer hochwertigen rostbest\u00e4ndigen mattschwarzen Pulverbeschichtung.\",\"breadcrumb\":{\"@id\":\"https:\/\/fernus.nl\/de\/produkt\/woodstack\/#breadcrumb\"},\"inLanguage\":\"de\",\"potentialAction\":[{\"@type\":\"ReadAction\",\"target\":[\"https:\/\/fernus.nl\/de\/produkt\/woodstack\/\"]}]},{\"@type\":\"ImageObject\",\"inLanguage\":\"de\",\"@id\":\"https:\/\/fernus.nl\/de\/produkt\/woodstack\/#primaryimage\",\"url\":\"https:\/\/fernus.nl\/wp-content\/uploads\/2020\/08\/woodstack.jpg\",\"contentUrl\":\"https:\/\/fernus.nl\/wp-content\/uploads\/2020\/08\/woodstack.jpg\",\"width\":1200,\"height\":1200,\"caption\":\"Woodstack houtopslag\"},{\"@type\":\"BreadcrumbList\",\"@id\":\"https:\/\/fernus.nl\/de\/produkt\/woodstack\/#breadcrumb\",\"itemListElement\":[{\"@type\":\"ListItem\",\"position\":1,\"name\":\"Home\",\"item\":\"https:\/\/fernus.nl\/de\/\"},{\"@type\":\"ListItem\",\"position\":2,\"name\":\"Products\",\"item\":\"https:\/\/fernus.nl\/de\/shop\/\"},{\"@type\":\"ListItem\",\"position\":3,\"name\":\"Woodstack\"}]},{\"@type\":\"WebSite\",\"@id\":\"https:\/\/fernus.nl\/de\/#website\",\"url\":\"https:\/\/fernus.nl\/de\/\",\"name\":\"Fernus&amp;Friends\",\"description\":\"Introducing Fernus Pizza oven\",\"potentialAction\":[{\"@type\":\"SearchAction\",\"target\":{\"@type\":\"EntryPoint\",\"urlTemplate\":\"https:\/\/fernus.nl\/de\/?s={search_term_string}\"},\"query-input\":{\"@type\":\"PropertyValueSpecification\",\"valueRequired\":true,\"valueName\":\"search_term_string\"}}],\"inLanguage\":\"de\"}]}<\/script>\n<!-- \/ Yoast SEO plugin. -->","yoast_head_json":{"title":"Woodstack - Fernus&amp;Friends","description":"Holzlagerung WoodStack ist ein robustes und robustes Eisengestell mit einer hochwertigen rostbest\u00e4ndigen mattschwarzen Pulverbeschichtung.","robots":{"index":"index","follow":"follow","max-snippet":"max-snippet:-1","max-image-preview":"max-image-preview:large","max-video-preview":"max-video-preview:-1"},"canonical":"https:\/\/fernus.nl\/de\/produkt\/woodstack\/","og_locale":"de_DE","og_type":"article","og_title":"Woodstack - Fernus&amp;Friends","og_description":"Holzlagerung WoodStack ist ein robustes und robustes Eisengestell mit einer hochwertigen rostbest\u00e4ndigen mattschwarzen Pulverbeschichtung.","og_url":"https:\/\/fernus.nl\/de\/produkt\/woodstack\/","og_site_name":"Fernus&amp;Friends","article_modified_time":"2023-07-02T20:28:15+00:00","og_image":[{"width":1200,"height":1200,"url":"https:\/\/fernus.nl\/wp-content\/uploads\/2020\/08\/woodstack.jpg","type":"image\/jpeg"}],"twitter_card":"summary_large_image","twitter_misc":{"Gesch\u00e4tzte Lesezeit":"1\u00a0Minute"},"schema":{"@context":"https:\/\/schema.org","@graph":[{"@type":"WebPage","@id":"https:\/\/fernus.nl\/de\/produkt\/woodstack\/","url":"https:\/\/fernus.nl\/de\/produkt\/woodstack\/","name":"Woodstack - Fernus&amp;Friends","isPartOf":{"@id":"https:\/\/fernus.nl\/de\/#website"},"primaryImageOfPage":{"@id":"https:\/\/fernus.nl\/de\/produkt\/woodstack\/#primaryimage"},"image":{"@id":"https:\/\/fernus.nl\/de\/produkt\/woodstack\/#primaryimage"},"thumbnailUrl":"https:\/\/fernus.nl\/wp-content\/uploads\/2020\/08\/woodstack.jpg","datePublished":"2020-08-19T07:21:02+00:00","dateModified":"2023-07-02T20:28:15+00:00","description":"Holzlagerung WoodStack ist ein robustes und robustes Eisengestell mit einer hochwertigen rostbest\u00e4ndigen mattschwarzen Pulverbeschichtung.","breadcrumb":{"@id":"https:\/\/fernus.nl\/de\/produkt\/woodstack\/#breadcrumb"},"inLanguage":"de","potentialAction":[{"@type":"ReadAction","target":["https:\/\/fernus.nl\/de\/produkt\/woodstack\/"]}]},{"@type":"ImageObject","inLanguage":"de","@id":"https:\/\/fernus.nl\/de\/produkt\/woodstack\/#primaryimage","url":"https:\/\/fernus.nl\/wp-content\/uploads\/2020\/08\/woodstack.jpg","contentUrl":"https:\/\/fernus.nl\/wp-content\/uploads\/2020\/08\/woodstack.jpg","width":1200,"height":1200,"caption":"Woodstack houtopslag"},{"@type":"BreadcrumbList","@id":"https:\/\/fernus.nl\/de\/produkt\/woodstack\/#breadcrumb","itemListElement":[{"@type":"ListItem","position":1,"name":"Home","item":"https:\/\/fernus.nl\/de\/"},{"@type":"ListItem","position":2,"name":"Products","item":"https:\/\/fernus.nl\/de\/shop\/"},{"@type":"ListItem","position":3,"name":"Woodstack"}]},{"@type":"WebSite","@id":"https:\/\/fernus.nl\/de\/#website","url":"https:\/\/fernus.nl\/de\/","name":"Fernus&amp;Friends","description":"Introducing Fernus Pizza oven","potentialAction":[{"@type":"SearchAction","target":{"@type":"EntryPoint","urlTemplate":"https:\/\/fernus.nl\/de\/?s={search_term_string}"},"query-input":{"@type":"PropertyValueSpecification","valueRequired":true,"valueName":"search_term_string"}}],"inLanguage":"de"}]}},"_links":{"self":[{"href":"https:\/\/fernus.nl\/de\/wp-json\/wp\/v2\/product\/4509","targetHints":{"allow":["GET"]}}],"collection":[{"href":"https:\/\/fernus.nl\/de\/wp-json\/wp\/v2\/product"}],"about":[{"href":"https:\/\/fernus.nl\/de\/wp-json\/wp\/v2\/types\/product"}],"replies":[{"embeddable":true,"href":"https:\/\/fernus.nl\/de\/wp-json\/wp\/v2\/comments?post=4509"}],"wp:featuredmedia":[{"embeddable":true,"href":"https:\/\/fernus.nl\/de\/wp-json\/wp\/v2\/media\/4510"}],"wp:attachment":[{"href":"https:\/\/fernus.nl\/de\/wp-json\/wp\/v2\/media?parent=4509"}],"wp:term":[{"taxonomy":"product_cat","embeddable":true,"href":"https:\/\/fernus.nl\/de\/wp-json\/wp\/v2\/product_cat?post=4509"},{"taxonomy":"product_tag","embeddable":true,"href":"https:\/\/fernus.nl\/de\/wp-json\/wp\/v2\/product_tag?post=4509"}],"curies":[{"name":"wp","href":"https:\/\/api.w.org\/{rel}","templated":true}]}}