{"id":4499,"date":"2020-08-19T09:36:25","date_gmt":"2020-08-19T07:36:25","guid":{"rendered":"https:\/\/fairenheit.com\/product\/boroaster\/"},"modified":"2021-04-14T09:14:12","modified_gmt":"2021-04-14T07:14:12","slug":"boroaster","status":"publish","type":"product","link":"https:\/\/fernus.nl\/de\/produkt\/boroaster\/","title":{"rendered":"BoRoaster"},"content":{"rendered":"<p><strong>Dimensionen und Gewicht<\/strong><br \/>\n185 gr. 27 cm lang, 13 cm breit (Durchmesser) und 6 cm hoch<\/p>\n<p><strong>Arbeitsprinzip<\/strong><br \/>\nF\u00fcllen Sie Ihren BoRoaster mit einer bescheidenen Menge &#8211; z. B. einer Handvoll getrockneter Bohnen &#8211; und stellen Sie den BoRoaster auf eine warme Quelle. Glas leitet die W\u00e4rme sehr schnell und aus diesem Grund wird eine rotierende Rollbewegung empfohlen, damit sich die W\u00e4rme auf alle Bohnen verteilt.<br \/>\nDas Ende des Stiels wird warm, aber nicht sehr hei\u00df, so dass Sie Ihren BoRoaster beim Rollen gut halten k\u00f6nnen. Der R\u00f6stgrad h\u00e4ngt von der Zeit und dem gew\u00fcnschten Geschmack ab. Sie k\u00f6nnen Ihre ger\u00f6steten Bohnen durch den Stiel gie\u00dfen.<\/p>\n<p>[vc_btn title=&#8220;ANLEITUNG&#8220; style=&#8220;flat&#8220; shape=&#8220;square&#8220; color=&#8220;black&#8220; i_icon_fontawesome=&#8220;fa fa-cogs&#8220; add_icon=&#8220;true&#8220; link=&#8220;url:https%3A%2F%2Ffernus.nl%2Fwp-content%2Fuploads%2F2020%2F11%2FBoRoaster_Manual.pdf|target:%20_blank|&#8220;]<\/p>\n<div class=\"video-container responsive-embed widescreen\"><iframe loading=\"lazy\" title=\"BoRoaster - Fairenheit\" src=\"https:\/\/player.vimeo.com\/video\/457660658?dnt=1&amp;app_id=122963\" width=\"900\" height=\"506\" frameborder=\"0\" allow=\"autoplay; fullscreen\" allowfullscreen><\/iframe><\/div>\n","protected":false},"excerpt":{"rendered":"<p><strong>R\u00f6sten Sie Ihre eigenen Kaffeebohnen<\/strong><\/p>\n<p>Oder Sesamk\u00f6rner, Pinienkerne usw.<\/p>\n<p>Erwachen Sie mit dem Duft von Kaffee, den Sie selbst ger\u00f6stet haben. Kaffeebohnen stammen aus der ganzen Welt aus verschiedenen Bodenarten, und das schmeckt man, wenn man seinen eigenen Kaffee r\u00f6stet. Unser BoRoaster ist mundgeblasen aus BoRo-Silikatglas und kann selbstverst\u00e4ndlich auch f\u00fcr andere Bohnen verwendet werden.<\/p>\n<p><strong>Kreieren Sie Ihren eigenen Geschmack<\/strong><\/p>\n<p>Mit der runden Form rollen Sie Ihre unger\u00f6steten Bohnen oder K\u00f6rner auf jeder beliebigen W\u00e4rmequelle. Verwenden Sie den kleinsten Brenner auf Ihrem Herd oder einen Tee- oder Spiritusbrenner. Wenn Sie unseren BoRoaster auf Induktion einsetzen m\u00f6chten, ben\u00f6tigen Sie eine Induktionsadapterplatte.<\/p>\n","protected":false},"featured_media":4500,"comment_status":"closed","ping_status":"closed","template":"","meta":[],"product_cat":[88],"product_tag":[],"class_list":{"0":"post-4499","1":"product","2":"type-product","3":"status-publish","4":"has-post-thumbnail","6":"product_cat-food-products-de-2","8":"first","9":"outofstock","10":"featured","11":"taxable","12":"shipping-taxable","13":"purchasable","14":"product-type-simple"},"yoast_head":"<!-- This site is optimized with the Yoast SEO plugin v24.0 - https:\/\/yoast.com\/wordpress\/plugins\/seo\/ -->\n<title>BoRoaster - Fernus&amp;Friends<\/title>\n<meta name=\"description\" content=\"R\u00f6sten Sie Ihre eigenen Kaffeebohnen. Wachen Sie mit dem Geruch von Kaffee auf, den Sie selbst mit dem BoRoaster ger\u00f6stet haben.\" \/>\n<meta name=\"robots\" content=\"index, follow, max-snippet:-1, max-image-preview:large, max-video-preview:-1\" \/>\n<link rel=\"canonical\" href=\"https:\/\/fernus.nl\/de\/produkt\/boroaster\/\" \/>\n<meta property=\"og:locale\" content=\"de_DE\" \/>\n<meta property=\"og:type\" content=\"article\" \/>\n<meta property=\"og:title\" content=\"BoRoaster - Fernus&amp;Friends\" \/>\n<meta property=\"og:description\" content=\"R\u00f6sten Sie Ihre eigenen Kaffeebohnen. Wachen Sie mit dem Geruch von Kaffee auf, den Sie selbst mit dem BoRoaster ger\u00f6stet haben.\" \/>\n<meta property=\"og:url\" content=\"https:\/\/fernus.nl\/de\/produkt\/boroaster\/\" \/>\n<meta property=\"og:site_name\" content=\"Fernus&amp;Friends\" \/>\n<meta property=\"article:modified_time\" content=\"2021-04-14T07:14:12+00:00\" \/>\n<meta property=\"og:image\" content=\"https:\/\/fernus.nl\/wp-content\/uploads\/2020\/08\/boroaster.jpg\" \/>\n\t<meta property=\"og:image:width\" content=\"1200\" \/>\n\t<meta property=\"og:image:height\" content=\"1200\" \/>\n\t<meta property=\"og:image:type\" content=\"image\/jpeg\" \/>\n<meta name=\"twitter:card\" content=\"summary_large_image\" \/>\n<meta name=\"twitter:label1\" content=\"Gesch\u00e4tzte Lesezeit\" \/>\n\t<meta name=\"twitter:data1\" content=\"1\u00a0Minute\" \/>\n<script type=\"application\/ld+json\" class=\"yoast-schema-graph\">{\"@context\":\"https:\/\/schema.org\",\"@graph\":[{\"@type\":\"WebPage\",\"@id\":\"https:\/\/fernus.nl\/de\/produkt\/boroaster\/\",\"url\":\"https:\/\/fernus.nl\/de\/produkt\/boroaster\/\",\"name\":\"BoRoaster - Fernus&amp;Friends\",\"isPartOf\":{\"@id\":\"https:\/\/fernus.nl\/de\/#website\"},\"primaryImageOfPage\":{\"@id\":\"https:\/\/fernus.nl\/de\/produkt\/boroaster\/#primaryimage\"},\"image\":{\"@id\":\"https:\/\/fernus.nl\/de\/produkt\/boroaster\/#primaryimage\"},\"thumbnailUrl\":\"https:\/\/fernus.nl\/wp-content\/uploads\/2020\/08\/boroaster.jpg\",\"datePublished\":\"2020-08-19T07:36:25+00:00\",\"dateModified\":\"2021-04-14T07:14:12+00:00\",\"description\":\"R\u00f6sten Sie Ihre eigenen Kaffeebohnen. Wachen Sie mit dem Geruch von Kaffee auf, den Sie selbst mit dem BoRoaster ger\u00f6stet haben.\",\"breadcrumb\":{\"@id\":\"https:\/\/fernus.nl\/de\/produkt\/boroaster\/#breadcrumb\"},\"inLanguage\":\"de\",\"potentialAction\":[{\"@type\":\"ReadAction\",\"target\":[\"https:\/\/fernus.nl\/de\/produkt\/boroaster\/\"]}]},{\"@type\":\"ImageObject\",\"inLanguage\":\"de\",\"@id\":\"https:\/\/fernus.nl\/de\/produkt\/boroaster\/#primaryimage\",\"url\":\"https:\/\/fernus.nl\/wp-content\/uploads\/2020\/08\/boroaster.jpg\",\"contentUrl\":\"https:\/\/fernus.nl\/wp-content\/uploads\/2020\/08\/boroaster.jpg\",\"width\":1200,\"height\":1200,\"caption\":\"Boroaster van Fairenhiet\"},{\"@type\":\"BreadcrumbList\",\"@id\":\"https:\/\/fernus.nl\/de\/produkt\/boroaster\/#breadcrumb\",\"itemListElement\":[{\"@type\":\"ListItem\",\"position\":1,\"name\":\"Home\",\"item\":\"https:\/\/fernus.nl\/de\/\"},{\"@type\":\"ListItem\",\"position\":2,\"name\":\"Products\",\"item\":\"https:\/\/fernus.nl\/de\/shop\/\"},{\"@type\":\"ListItem\",\"position\":3,\"name\":\"BoRoaster\"}]},{\"@type\":\"WebSite\",\"@id\":\"https:\/\/fernus.nl\/de\/#website\",\"url\":\"https:\/\/fernus.nl\/de\/\",\"name\":\"Fernus&amp;Friends\",\"description\":\"Introducing Fernus Pizza oven\",\"potentialAction\":[{\"@type\":\"SearchAction\",\"target\":{\"@type\":\"EntryPoint\",\"urlTemplate\":\"https:\/\/fernus.nl\/de\/?s={search_term_string}\"},\"query-input\":{\"@type\":\"PropertyValueSpecification\",\"valueRequired\":true,\"valueName\":\"search_term_string\"}}],\"inLanguage\":\"de\"}]}<\/script>\n<!-- \/ Yoast SEO plugin. -->","yoast_head_json":{"title":"BoRoaster - Fernus&amp;Friends","description":"R\u00f6sten Sie Ihre eigenen Kaffeebohnen. Wachen Sie mit dem Geruch von Kaffee auf, den Sie selbst mit dem BoRoaster ger\u00f6stet haben.","robots":{"index":"index","follow":"follow","max-snippet":"max-snippet:-1","max-image-preview":"max-image-preview:large","max-video-preview":"max-video-preview:-1"},"canonical":"https:\/\/fernus.nl\/de\/produkt\/boroaster\/","og_locale":"de_DE","og_type":"article","og_title":"BoRoaster - Fernus&amp;Friends","og_description":"R\u00f6sten Sie Ihre eigenen Kaffeebohnen. Wachen Sie mit dem Geruch von Kaffee auf, den Sie selbst mit dem BoRoaster ger\u00f6stet haben.","og_url":"https:\/\/fernus.nl\/de\/produkt\/boroaster\/","og_site_name":"Fernus&amp;Friends","article_modified_time":"2021-04-14T07:14:12+00:00","og_image":[{"width":1200,"height":1200,"url":"https:\/\/fernus.nl\/wp-content\/uploads\/2020\/08\/boroaster.jpg","type":"image\/jpeg"}],"twitter_card":"summary_large_image","twitter_misc":{"Gesch\u00e4tzte Lesezeit":"1\u00a0Minute"},"schema":{"@context":"https:\/\/schema.org","@graph":[{"@type":"WebPage","@id":"https:\/\/fernus.nl\/de\/produkt\/boroaster\/","url":"https:\/\/fernus.nl\/de\/produkt\/boroaster\/","name":"BoRoaster - Fernus&amp;Friends","isPartOf":{"@id":"https:\/\/fernus.nl\/de\/#website"},"primaryImageOfPage":{"@id":"https:\/\/fernus.nl\/de\/produkt\/boroaster\/#primaryimage"},"image":{"@id":"https:\/\/fernus.nl\/de\/produkt\/boroaster\/#primaryimage"},"thumbnailUrl":"https:\/\/fernus.nl\/wp-content\/uploads\/2020\/08\/boroaster.jpg","datePublished":"2020-08-19T07:36:25+00:00","dateModified":"2021-04-14T07:14:12+00:00","description":"R\u00f6sten Sie Ihre eigenen Kaffeebohnen. Wachen Sie mit dem Geruch von Kaffee auf, den Sie selbst mit dem BoRoaster ger\u00f6stet haben.","breadcrumb":{"@id":"https:\/\/fernus.nl\/de\/produkt\/boroaster\/#breadcrumb"},"inLanguage":"de","potentialAction":[{"@type":"ReadAction","target":["https:\/\/fernus.nl\/de\/produkt\/boroaster\/"]}]},{"@type":"ImageObject","inLanguage":"de","@id":"https:\/\/fernus.nl\/de\/produkt\/boroaster\/#primaryimage","url":"https:\/\/fernus.nl\/wp-content\/uploads\/2020\/08\/boroaster.jpg","contentUrl":"https:\/\/fernus.nl\/wp-content\/uploads\/2020\/08\/boroaster.jpg","width":1200,"height":1200,"caption":"Boroaster van Fairenhiet"},{"@type":"BreadcrumbList","@id":"https:\/\/fernus.nl\/de\/produkt\/boroaster\/#breadcrumb","itemListElement":[{"@type":"ListItem","position":1,"name":"Home","item":"https:\/\/fernus.nl\/de\/"},{"@type":"ListItem","position":2,"name":"Products","item":"https:\/\/fernus.nl\/de\/shop\/"},{"@type":"ListItem","position":3,"name":"BoRoaster"}]},{"@type":"WebSite","@id":"https:\/\/fernus.nl\/de\/#website","url":"https:\/\/fernus.nl\/de\/","name":"Fernus&amp;Friends","description":"Introducing Fernus Pizza oven","potentialAction":[{"@type":"SearchAction","target":{"@type":"EntryPoint","urlTemplate":"https:\/\/fernus.nl\/de\/?s={search_term_string}"},"query-input":{"@type":"PropertyValueSpecification","valueRequired":true,"valueName":"search_term_string"}}],"inLanguage":"de"}]}},"_links":{"self":[{"href":"https:\/\/fernus.nl\/de\/wp-json\/wp\/v2\/product\/4499","targetHints":{"allow":["GET"]}}],"collection":[{"href":"https:\/\/fernus.nl\/de\/wp-json\/wp\/v2\/product"}],"about":[{"href":"https:\/\/fernus.nl\/de\/wp-json\/wp\/v2\/types\/product"}],"replies":[{"embeddable":true,"href":"https:\/\/fernus.nl\/de\/wp-json\/wp\/v2\/comments?post=4499"}],"wp:featuredmedia":[{"embeddable":true,"href":"https:\/\/fernus.nl\/de\/wp-json\/wp\/v2\/media\/4500"}],"wp:attachment":[{"href":"https:\/\/fernus.nl\/de\/wp-json\/wp\/v2\/media?parent=4499"}],"wp:term":[{"taxonomy":"product_cat","embeddable":true,"href":"https:\/\/fernus.nl\/de\/wp-json\/wp\/v2\/product_cat?post=4499"},{"taxonomy":"product_tag","embeddable":true,"href":"https:\/\/fernus.nl\/de\/wp-json\/wp\/v2\/product_tag?post=4499"}],"curies":[{"name":"wp","href":"https:\/\/api.w.org\/{rel}","templated":true}]}}