{"id":4494,"date":"2020-08-19T09:40:14","date_gmt":"2020-08-19T07:40:14","guid":{"rendered":"https:\/\/fairenheit.com\/product\/fireplate\/"},"modified":"2021-04-14T09:42:39","modified_gmt":"2021-04-14T07:42:39","slug":"fireplate","status":"publish","type":"product","link":"https:\/\/fernus.nl\/de\/produkt\/fireplate\/","title":{"rendered":"FirePlate"},"content":{"rendered":"<p>FirePlate besteht aus blauem Stahl, der sich nach jedem Gebrauch verbessert und vollst\u00e4ndig PFOA- und PTFE-frei ist.<\/p>\n<p>Vor dem ersten Gebrauch gut mit Pflanzen\u00f6l bestreichen und eine Weile anz\u00fcnden. Auf diese Weise brennt das \u00d6l gut ein und die FirePlate ist gegen m\u00f6gliche gesch\u00fctzt. Rostbildung. Reiben Sie Reste einer fr\u00fcheren Party mit einem Spatel, grobem Sand, Salz oder was auch immer in der N\u00e4he ab und das Feuerbrett ist einsatzbereit.<\/p>\n<p><strong>Eigenschaften<\/strong><br \/>\nEinfach mitzunehmen<br \/>\nFlaches Backblech<br \/>\nEinzigartiges Geschenk<br \/>\nEinfach zu s\u00e4ubern<br \/>\nFleisch, Fisch, Gem\u00fcse, Omelett etc.<br \/>\nEntworfen und produziert in NL<br \/>\nGewicht: 1,7 kg<br \/>\nAbmessungen: 53 x 16 x 0,4 cm<\/p>\n<p>[vc_btn title=&#8220;ANLEITUNG&#8220; style=&#8220;flat&#8220; shape=&#8220;square&#8220; color=&#8220;black&#8220; i_icon_fontawesome=&#8220;fa fa-cogs&#8220; add_icon=&#8220;true&#8220; link=&#8220;url:https%3A%2F%2Ffernus.nl%2Fwp-content%2Fuploads%2F2020%2F11%2FFireplate_Gebruiksaanwijzing.pdf|target:%20_blank|&#8220;]<\/p>\n","protected":false},"excerpt":{"rendered":"<p><strong>Einfach mitzunehmen<\/strong><br \/>\nKein Stress mehr mit den Kohlen. Feuer, ein gutes St\u00fcck Fleisch oder Fisch und Gesellschaft. Ein k\u00fchles Getr\u00e4nk dabei, das Feuer nachlegen und dann die Feuerplatte von Fernus&amp;Friends einfach in den Feuerkorb oder eine andere Feuerstelle legen.<\/p>\n","protected":false},"featured_media":4482,"comment_status":"closed","ping_status":"closed","template":"","meta":[],"product_cat":[88],"product_tag":[],"class_list":{"0":"post-4494","1":"product","2":"type-product","3":"status-publish","4":"has-post-thumbnail","6":"product_cat-food-products-de-2","8":"first","9":"instock","10":"featured","11":"taxable","12":"shipping-taxable","13":"purchasable","14":"product-type-simple"},"yoast_head":"<!-- This site is optimized with the Yoast SEO plugin v24.0 - https:\/\/yoast.com\/wordpress\/plugins\/seo\/ -->\n<title>FirePlate - Fernus&amp;Friends<\/title>\n<meta name=\"description\" content=\"Sie legen die FirePlate von Fernus &amp; Friends auf Ihre Feuerstelle oder Feuerstelle. Einfach mitzunehmen. Kein \u00c4rger mit Kohlen.\" \/>\n<meta name=\"robots\" content=\"index, follow, max-snippet:-1, max-image-preview:large, max-video-preview:-1\" \/>\n<link rel=\"canonical\" href=\"https:\/\/fernus.nl\/de\/produkt\/fireplate\/\" \/>\n<meta property=\"og:locale\" content=\"de_DE\" \/>\n<meta property=\"og:type\" content=\"article\" \/>\n<meta property=\"og:title\" content=\"FirePlate - Fernus&amp;Friends\" \/>\n<meta property=\"og:description\" content=\"Sie legen die FirePlate von Fernus &amp; Friends auf Ihre Feuerstelle oder Feuerstelle. Einfach mitzunehmen. Kein \u00c4rger mit Kohlen.\" \/>\n<meta property=\"og:url\" content=\"https:\/\/fernus.nl\/de\/produkt\/fireplate\/\" \/>\n<meta property=\"og:site_name\" content=\"Fernus&amp;Friends\" \/>\n<meta property=\"article:modified_time\" content=\"2021-04-14T07:42:39+00:00\" \/>\n<meta property=\"og:image\" content=\"https:\/\/fernus.nl\/wp-content\/uploads\/2020\/08\/fireplate-1.jpg\" \/>\n\t<meta property=\"og:image:width\" content=\"1200\" \/>\n\t<meta property=\"og:image:height\" content=\"1150\" \/>\n\t<meta property=\"og:image:type\" content=\"image\/jpeg\" \/>\n<meta name=\"twitter:card\" content=\"summary_large_image\" \/>\n<meta name=\"twitter:label1\" content=\"Gesch\u00e4tzte Lesezeit\" \/>\n\t<meta name=\"twitter:data1\" content=\"1\u00a0Minute\" \/>\n<script type=\"application\/ld+json\" class=\"yoast-schema-graph\">{\"@context\":\"https:\/\/schema.org\",\"@graph\":[{\"@type\":\"WebPage\",\"@id\":\"https:\/\/fernus.nl\/de\/produkt\/fireplate\/\",\"url\":\"https:\/\/fernus.nl\/de\/produkt\/fireplate\/\",\"name\":\"FirePlate - Fernus&amp;Friends\",\"isPartOf\":{\"@id\":\"https:\/\/fernus.nl\/de\/#website\"},\"primaryImageOfPage\":{\"@id\":\"https:\/\/fernus.nl\/de\/produkt\/fireplate\/#primaryimage\"},\"image\":{\"@id\":\"https:\/\/fernus.nl\/de\/produkt\/fireplate\/#primaryimage\"},\"thumbnailUrl\":\"https:\/\/fernus.nl\/wp-content\/uploads\/2020\/08\/fireplate-1.jpg\",\"datePublished\":\"2020-08-19T07:40:14+00:00\",\"dateModified\":\"2021-04-14T07:42:39+00:00\",\"description\":\"Sie legen die FirePlate von Fernus & Friends auf Ihre Feuerstelle oder Feuerstelle. Einfach mitzunehmen. Kein \u00c4rger mit Kohlen.\",\"breadcrumb\":{\"@id\":\"https:\/\/fernus.nl\/de\/produkt\/fireplate\/#breadcrumb\"},\"inLanguage\":\"de\",\"potentialAction\":[{\"@type\":\"ReadAction\",\"target\":[\"https:\/\/fernus.nl\/de\/produkt\/fireplate\/\"]}]},{\"@type\":\"ImageObject\",\"inLanguage\":\"de\",\"@id\":\"https:\/\/fernus.nl\/de\/produkt\/fireplate\/#primaryimage\",\"url\":\"https:\/\/fernus.nl\/wp-content\/uploads\/2020\/08\/fireplate-1.jpg\",\"contentUrl\":\"https:\/\/fernus.nl\/wp-content\/uploads\/2020\/08\/fireplate-1.jpg\",\"width\":1200,\"height\":1150,\"caption\":\"FirePlate Fairenheit\"},{\"@type\":\"BreadcrumbList\",\"@id\":\"https:\/\/fernus.nl\/de\/produkt\/fireplate\/#breadcrumb\",\"itemListElement\":[{\"@type\":\"ListItem\",\"position\":1,\"name\":\"Home\",\"item\":\"https:\/\/fernus.nl\/de\/\"},{\"@type\":\"ListItem\",\"position\":2,\"name\":\"Products\",\"item\":\"https:\/\/fernus.nl\/de\/shop\/\"},{\"@type\":\"ListItem\",\"position\":3,\"name\":\"FirePlate\"}]},{\"@type\":\"WebSite\",\"@id\":\"https:\/\/fernus.nl\/de\/#website\",\"url\":\"https:\/\/fernus.nl\/de\/\",\"name\":\"Fernus&amp;Friends\",\"description\":\"Introducing Fernus Pizza oven\",\"potentialAction\":[{\"@type\":\"SearchAction\",\"target\":{\"@type\":\"EntryPoint\",\"urlTemplate\":\"https:\/\/fernus.nl\/de\/?s={search_term_string}\"},\"query-input\":{\"@type\":\"PropertyValueSpecification\",\"valueRequired\":true,\"valueName\":\"search_term_string\"}}],\"inLanguage\":\"de\"}]}<\/script>\n<!-- \/ Yoast SEO plugin. -->","yoast_head_json":{"title":"FirePlate - Fernus&amp;Friends","description":"Sie legen die FirePlate von Fernus & Friends auf Ihre Feuerstelle oder Feuerstelle. Einfach mitzunehmen. Kein \u00c4rger mit Kohlen.","robots":{"index":"index","follow":"follow","max-snippet":"max-snippet:-1","max-image-preview":"max-image-preview:large","max-video-preview":"max-video-preview:-1"},"canonical":"https:\/\/fernus.nl\/de\/produkt\/fireplate\/","og_locale":"de_DE","og_type":"article","og_title":"FirePlate - Fernus&amp;Friends","og_description":"Sie legen die FirePlate von Fernus & Friends auf Ihre Feuerstelle oder Feuerstelle. Einfach mitzunehmen. Kein \u00c4rger mit Kohlen.","og_url":"https:\/\/fernus.nl\/de\/produkt\/fireplate\/","og_site_name":"Fernus&amp;Friends","article_modified_time":"2021-04-14T07:42:39+00:00","og_image":[{"width":1200,"height":1150,"url":"https:\/\/fernus.nl\/wp-content\/uploads\/2020\/08\/fireplate-1.jpg","type":"image\/jpeg"}],"twitter_card":"summary_large_image","twitter_misc":{"Gesch\u00e4tzte Lesezeit":"1\u00a0Minute"},"schema":{"@context":"https:\/\/schema.org","@graph":[{"@type":"WebPage","@id":"https:\/\/fernus.nl\/de\/produkt\/fireplate\/","url":"https:\/\/fernus.nl\/de\/produkt\/fireplate\/","name":"FirePlate - Fernus&amp;Friends","isPartOf":{"@id":"https:\/\/fernus.nl\/de\/#website"},"primaryImageOfPage":{"@id":"https:\/\/fernus.nl\/de\/produkt\/fireplate\/#primaryimage"},"image":{"@id":"https:\/\/fernus.nl\/de\/produkt\/fireplate\/#primaryimage"},"thumbnailUrl":"https:\/\/fernus.nl\/wp-content\/uploads\/2020\/08\/fireplate-1.jpg","datePublished":"2020-08-19T07:40:14+00:00","dateModified":"2021-04-14T07:42:39+00:00","description":"Sie legen die FirePlate von Fernus & Friends auf Ihre Feuerstelle oder Feuerstelle. Einfach mitzunehmen. Kein \u00c4rger mit Kohlen.","breadcrumb":{"@id":"https:\/\/fernus.nl\/de\/produkt\/fireplate\/#breadcrumb"},"inLanguage":"de","potentialAction":[{"@type":"ReadAction","target":["https:\/\/fernus.nl\/de\/produkt\/fireplate\/"]}]},{"@type":"ImageObject","inLanguage":"de","@id":"https:\/\/fernus.nl\/de\/produkt\/fireplate\/#primaryimage","url":"https:\/\/fernus.nl\/wp-content\/uploads\/2020\/08\/fireplate-1.jpg","contentUrl":"https:\/\/fernus.nl\/wp-content\/uploads\/2020\/08\/fireplate-1.jpg","width":1200,"height":1150,"caption":"FirePlate Fairenheit"},{"@type":"BreadcrumbList","@id":"https:\/\/fernus.nl\/de\/produkt\/fireplate\/#breadcrumb","itemListElement":[{"@type":"ListItem","position":1,"name":"Home","item":"https:\/\/fernus.nl\/de\/"},{"@type":"ListItem","position":2,"name":"Products","item":"https:\/\/fernus.nl\/de\/shop\/"},{"@type":"ListItem","position":3,"name":"FirePlate"}]},{"@type":"WebSite","@id":"https:\/\/fernus.nl\/de\/#website","url":"https:\/\/fernus.nl\/de\/","name":"Fernus&amp;Friends","description":"Introducing Fernus Pizza oven","potentialAction":[{"@type":"SearchAction","target":{"@type":"EntryPoint","urlTemplate":"https:\/\/fernus.nl\/de\/?s={search_term_string}"},"query-input":{"@type":"PropertyValueSpecification","valueRequired":true,"valueName":"search_term_string"}}],"inLanguage":"de"}]}},"_links":{"self":[{"href":"https:\/\/fernus.nl\/de\/wp-json\/wp\/v2\/product\/4494","targetHints":{"allow":["GET"]}}],"collection":[{"href":"https:\/\/fernus.nl\/de\/wp-json\/wp\/v2\/product"}],"about":[{"href":"https:\/\/fernus.nl\/de\/wp-json\/wp\/v2\/types\/product"}],"replies":[{"embeddable":true,"href":"https:\/\/fernus.nl\/de\/wp-json\/wp\/v2\/comments?post=4494"}],"wp:featuredmedia":[{"embeddable":true,"href":"https:\/\/fernus.nl\/de\/wp-json\/wp\/v2\/media\/4482"}],"wp:attachment":[{"href":"https:\/\/fernus.nl\/de\/wp-json\/wp\/v2\/media?parent=4494"}],"wp:term":[{"taxonomy":"product_cat","embeddable":true,"href":"https:\/\/fernus.nl\/de\/wp-json\/wp\/v2\/product_cat?post=4494"},{"taxonomy":"product_tag","embeddable":true,"href":"https:\/\/fernus.nl\/de\/wp-json\/wp\/v2\/product_tag?post=4494"}],"curies":[{"name":"wp","href":"https:\/\/api.w.org\/{rel}","templated":true}]}}