{"id":4487,"date":"2020-08-19T09:45:03","date_gmt":"2020-08-19T07:45:03","guid":{"rendered":"https:\/\/fairenheit.com\/product\/firetable\/"},"modified":"2021-04-14T09:15:05","modified_gmt":"2021-04-14T07:15:05","slug":"firetable","status":"publish","type":"product","link":"https:\/\/fernus.nl\/de\/produkt\/firetable\/","title":{"rendered":"FireTable"},"content":{"rendered":"<p>Fernus&amp;Friends&#8216; FireTable eignet sich besonders zum Backen und Braten mit oder f\u00fcr mehrere Personen. Versammeln Sie sich am Feuer, backen Sie mit dem Feuerring Burger f\u00fcr alle Nachbarn oder f\u00fcllen Sie die H\u00e4lfte des Rings mit Garnelen, die andere H\u00e4lfte mit Fleisch, f\u00fcgen Sie etwas Gem\u00fcse hinzu &#8230; es gibt viel Platz f\u00fcr jeden Geschmack. Entfernen Sie nach dem Essen den Backring und sch\u00fcren Sie das Feuer in der Feuerschale. Bring diesen langen, warmen Abend mit!<\/p>\n<p>Fetten Sie den Backring vor dem ersten Gebrauch gut mit Pflanzen\u00f6l ein.<\/p>\n<p><strong>Eigenschaften<br \/>\n<\/strong>Dickwandiges Metall und hohe Qualit\u00e4t (&amp; schlankes Design)<br \/>\nKann auch als Feuerschale verwendet werden<br \/>\nKochen Sie mit oder f\u00fcr mehrere Personen<br \/>\nBackring aus naturblauem Stahl, PFOA und PTFE frei<br \/>\nFarbige Beine aus schlagfester Beschichtung<br \/>\nEntworfen und produziert in NL<\/p>\n<p><strong>Dimensionen und Gewicht<\/strong><br \/>\nGewicht: 19 kg<br \/>\nAbmessungen: \u00d863,5 x 80 cm<br \/>\nKostenloser Versand<br \/>\n30 Tage, um Ihre Meinung zu \u00e4ndern und kostenlose R\u00fccksendungen<\/p>\n<p>[vc_btn title=&#8220;ANLEITUNG&#8220; style=&#8220;flat&#8220; shape=&#8220;square&#8220; color=&#8220;black&#8220; i_icon_fontawesome=&#8220;fa fa-cogs&#8220; add_icon=&#8220;true&#8220; link=&#8220;url:https%3A%2F%2Ffernus.nl%2Fwp-content%2Fuploads%2F2020%2F11%2FFireTable-FAIRENHEIT-manual-2020.pdf|target:%20_blank|&#8220;]<\/p>\n","protected":false},"excerpt":{"rendered":"<p><strong>Essen, Feuer, Freunde &amp; Familie<\/strong><\/p>\n<p>Es gibt nichts Sch\u00f6neres, als sich an einem Feuer zusammenzusetzen, zu kochen und das Essen, das mit Sorgfalt und Liebe zubereitet wurde, zu genie\u00dfen.<\/p>\n<p>Der Feuertisch von Fernus&amp;Friends verf\u00fcgt durch das dickwandige Metall und die hitzebest\u00e4ndige Beschichtung \u00fcber eine robuste Qualit\u00e4t. Der Feuerring ist aus nat\u00fcrlichem Blaustahl gefertigt. Er wird bei guter Pflege von Jahr zu Jahr sch\u00f6ner. Die f\u00fc\u00dfe kann man ganz einfach abziehen. Und so hat man dann eine sch\u00f6ne niedrige Feuerschale!<\/p>\n","protected":false},"featured_media":4480,"comment_status":"closed","ping_status":"closed","template":"","meta":[],"product_cat":[88],"product_tag":[],"class_list":{"0":"post-4487","1":"product","2":"type-product","3":"status-publish","4":"has-post-thumbnail","6":"product_cat-food-products-de-2","8":"first","9":"outofstock","10":"featured","11":"taxable","12":"shipping-taxable","13":"purchasable","14":"product-type-simple"},"yoast_head":"<!-- This site is optimized with the Yoast SEO plugin v24.0 - https:\/\/yoast.com\/wordpress\/plugins\/seo\/ -->\n<title>FireTable - Fernus&amp;Friends<\/title>\n<meta name=\"description\" content=\"Fernus&amp;Friends&#039; FireTable ist der einzige seiner Art mit einer rostfreien Beschichtung und aufgrund des dickwandigen Metalls von robuster Qualit\u00e4t.\" \/>\n<meta name=\"robots\" content=\"index, follow, max-snippet:-1, max-image-preview:large, max-video-preview:-1\" \/>\n<link rel=\"canonical\" href=\"https:\/\/fernus.nl\/de\/produkt\/firetable\/\" \/>\n<meta property=\"og:locale\" content=\"de_DE\" \/>\n<meta property=\"og:type\" content=\"article\" \/>\n<meta property=\"og:title\" content=\"FireTable - Fernus&amp;Friends\" \/>\n<meta property=\"og:description\" content=\"Fernus&amp;Friends&#039; FireTable ist der einzige seiner Art mit einer rostfreien Beschichtung und aufgrund des dickwandigen Metalls von robuster Qualit\u00e4t.\" \/>\n<meta property=\"og:url\" content=\"https:\/\/fernus.nl\/de\/produkt\/firetable\/\" \/>\n<meta property=\"og:site_name\" content=\"Fernus&amp;Friends\" \/>\n<meta property=\"article:modified_time\" content=\"2021-04-14T07:15:05+00:00\" \/>\n<meta property=\"og:image\" content=\"https:\/\/fernus.nl\/wp-content\/uploads\/2020\/08\/firetable_laag.jpg\" \/>\n\t<meta property=\"og:image:width\" content=\"1200\" \/>\n\t<meta property=\"og:image:height\" content=\"1150\" \/>\n\t<meta property=\"og:image:type\" content=\"image\/jpeg\" \/>\n<meta name=\"twitter:card\" content=\"summary_large_image\" \/>\n<meta name=\"twitter:label1\" content=\"Gesch\u00e4tzte Lesezeit\" \/>\n\t<meta name=\"twitter:data1\" content=\"1\u00a0Minute\" \/>\n<script type=\"application\/ld+json\" class=\"yoast-schema-graph\">{\"@context\":\"https:\/\/schema.org\",\"@graph\":[{\"@type\":\"WebPage\",\"@id\":\"https:\/\/fernus.nl\/de\/produkt\/firetable\/\",\"url\":\"https:\/\/fernus.nl\/de\/produkt\/firetable\/\",\"name\":\"FireTable - Fernus&amp;Friends\",\"isPartOf\":{\"@id\":\"https:\/\/fernus.nl\/de\/#website\"},\"primaryImageOfPage\":{\"@id\":\"https:\/\/fernus.nl\/de\/produkt\/firetable\/#primaryimage\"},\"image\":{\"@id\":\"https:\/\/fernus.nl\/de\/produkt\/firetable\/#primaryimage\"},\"thumbnailUrl\":\"https:\/\/fernus.nl\/wp-content\/uploads\/2020\/08\/firetable_laag.jpg\",\"datePublished\":\"2020-08-19T07:45:03+00:00\",\"dateModified\":\"2021-04-14T07:15:05+00:00\",\"description\":\"Fernus&Friends' FireTable ist der einzige seiner Art mit einer rostfreien Beschichtung und aufgrund des dickwandigen Metalls von robuster Qualit\u00e4t.\",\"breadcrumb\":{\"@id\":\"https:\/\/fernus.nl\/de\/produkt\/firetable\/#breadcrumb\"},\"inLanguage\":\"de\",\"potentialAction\":[{\"@type\":\"ReadAction\",\"target\":[\"https:\/\/fernus.nl\/de\/produkt\/firetable\/\"]}]},{\"@type\":\"ImageObject\",\"inLanguage\":\"de\",\"@id\":\"https:\/\/fernus.nl\/de\/produkt\/firetable\/#primaryimage\",\"url\":\"https:\/\/fernus.nl\/wp-content\/uploads\/2020\/08\/firetable_laag.jpg\",\"contentUrl\":\"https:\/\/fernus.nl\/wp-content\/uploads\/2020\/08\/firetable_laag.jpg\",\"width\":1200,\"height\":1150,\"caption\":\"firetable vuurschaal\"},{\"@type\":\"BreadcrumbList\",\"@id\":\"https:\/\/fernus.nl\/de\/produkt\/firetable\/#breadcrumb\",\"itemListElement\":[{\"@type\":\"ListItem\",\"position\":1,\"name\":\"Home\",\"item\":\"https:\/\/fernus.nl\/de\/\"},{\"@type\":\"ListItem\",\"position\":2,\"name\":\"Products\",\"item\":\"https:\/\/fernus.nl\/de\/shop\/\"},{\"@type\":\"ListItem\",\"position\":3,\"name\":\"FireTable\"}]},{\"@type\":\"WebSite\",\"@id\":\"https:\/\/fernus.nl\/de\/#website\",\"url\":\"https:\/\/fernus.nl\/de\/\",\"name\":\"Fernus&amp;Friends\",\"description\":\"Introducing Fernus Pizza oven\",\"potentialAction\":[{\"@type\":\"SearchAction\",\"target\":{\"@type\":\"EntryPoint\",\"urlTemplate\":\"https:\/\/fernus.nl\/de\/?s={search_term_string}\"},\"query-input\":{\"@type\":\"PropertyValueSpecification\",\"valueRequired\":true,\"valueName\":\"search_term_string\"}}],\"inLanguage\":\"de\"}]}<\/script>\n<!-- \/ Yoast SEO plugin. -->","yoast_head_json":{"title":"FireTable - Fernus&amp;Friends","description":"Fernus&Friends' FireTable ist der einzige seiner Art mit einer rostfreien Beschichtung und aufgrund des dickwandigen Metalls von robuster Qualit\u00e4t.","robots":{"index":"index","follow":"follow","max-snippet":"max-snippet:-1","max-image-preview":"max-image-preview:large","max-video-preview":"max-video-preview:-1"},"canonical":"https:\/\/fernus.nl\/de\/produkt\/firetable\/","og_locale":"de_DE","og_type":"article","og_title":"FireTable - Fernus&amp;Friends","og_description":"Fernus&Friends' FireTable ist der einzige seiner Art mit einer rostfreien Beschichtung und aufgrund des dickwandigen Metalls von robuster Qualit\u00e4t.","og_url":"https:\/\/fernus.nl\/de\/produkt\/firetable\/","og_site_name":"Fernus&amp;Friends","article_modified_time":"2021-04-14T07:15:05+00:00","og_image":[{"width":1200,"height":1150,"url":"https:\/\/fernus.nl\/wp-content\/uploads\/2020\/08\/firetable_laag.jpg","type":"image\/jpeg"}],"twitter_card":"summary_large_image","twitter_misc":{"Gesch\u00e4tzte Lesezeit":"1\u00a0Minute"},"schema":{"@context":"https:\/\/schema.org","@graph":[{"@type":"WebPage","@id":"https:\/\/fernus.nl\/de\/produkt\/firetable\/","url":"https:\/\/fernus.nl\/de\/produkt\/firetable\/","name":"FireTable - Fernus&amp;Friends","isPartOf":{"@id":"https:\/\/fernus.nl\/de\/#website"},"primaryImageOfPage":{"@id":"https:\/\/fernus.nl\/de\/produkt\/firetable\/#primaryimage"},"image":{"@id":"https:\/\/fernus.nl\/de\/produkt\/firetable\/#primaryimage"},"thumbnailUrl":"https:\/\/fernus.nl\/wp-content\/uploads\/2020\/08\/firetable_laag.jpg","datePublished":"2020-08-19T07:45:03+00:00","dateModified":"2021-04-14T07:15:05+00:00","description":"Fernus&Friends' FireTable ist der einzige seiner Art mit einer rostfreien Beschichtung und aufgrund des dickwandigen Metalls von robuster Qualit\u00e4t.","breadcrumb":{"@id":"https:\/\/fernus.nl\/de\/produkt\/firetable\/#breadcrumb"},"inLanguage":"de","potentialAction":[{"@type":"ReadAction","target":["https:\/\/fernus.nl\/de\/produkt\/firetable\/"]}]},{"@type":"ImageObject","inLanguage":"de","@id":"https:\/\/fernus.nl\/de\/produkt\/firetable\/#primaryimage","url":"https:\/\/fernus.nl\/wp-content\/uploads\/2020\/08\/firetable_laag.jpg","contentUrl":"https:\/\/fernus.nl\/wp-content\/uploads\/2020\/08\/firetable_laag.jpg","width":1200,"height":1150,"caption":"firetable vuurschaal"},{"@type":"BreadcrumbList","@id":"https:\/\/fernus.nl\/de\/produkt\/firetable\/#breadcrumb","itemListElement":[{"@type":"ListItem","position":1,"name":"Home","item":"https:\/\/fernus.nl\/de\/"},{"@type":"ListItem","position":2,"name":"Products","item":"https:\/\/fernus.nl\/de\/shop\/"},{"@type":"ListItem","position":3,"name":"FireTable"}]},{"@type":"WebSite","@id":"https:\/\/fernus.nl\/de\/#website","url":"https:\/\/fernus.nl\/de\/","name":"Fernus&amp;Friends","description":"Introducing Fernus Pizza oven","potentialAction":[{"@type":"SearchAction","target":{"@type":"EntryPoint","urlTemplate":"https:\/\/fernus.nl\/de\/?s={search_term_string}"},"query-input":{"@type":"PropertyValueSpecification","valueRequired":true,"valueName":"search_term_string"}}],"inLanguage":"de"}]}},"_links":{"self":[{"href":"https:\/\/fernus.nl\/de\/wp-json\/wp\/v2\/product\/4487","targetHints":{"allow":["GET"]}}],"collection":[{"href":"https:\/\/fernus.nl\/de\/wp-json\/wp\/v2\/product"}],"about":[{"href":"https:\/\/fernus.nl\/de\/wp-json\/wp\/v2\/types\/product"}],"replies":[{"embeddable":true,"href":"https:\/\/fernus.nl\/de\/wp-json\/wp\/v2\/comments?post=4487"}],"wp:featuredmedia":[{"embeddable":true,"href":"https:\/\/fernus.nl\/de\/wp-json\/wp\/v2\/media\/4480"}],"wp:attachment":[{"href":"https:\/\/fernus.nl\/de\/wp-json\/wp\/v2\/media?parent=4487"}],"wp:term":[{"taxonomy":"product_cat","embeddable":true,"href":"https:\/\/fernus.nl\/de\/wp-json\/wp\/v2\/product_cat?post=4487"},{"taxonomy":"product_tag","embeddable":true,"href":"https:\/\/fernus.nl\/de\/wp-json\/wp\/v2\/product_tag?post=4487"}],"curies":[{"name":"wp","href":"https:\/\/api.w.org\/{rel}","templated":true}]}}