{"id":4483,"date":"2020-08-19T10:06:22","date_gmt":"2020-08-19T08:06:22","guid":{"rendered":"https:\/\/fairenheit.com\/product\/snackrack\/"},"modified":"2020-11-02T17:28:51","modified_gmt":"2020-11-02T16:28:51","slug":"snackgestell","status":"publish","type":"product","link":"https:\/\/fernus.nl\/de\/produkt\/snackgestell\/","title":{"rendered":"SnackGestell"},"content":{"rendered":"","protected":false},"excerpt":{"rendered":"<p>Ein praktischer Korb zum Braten oder Gratinieren mit Hei\u00dfluft in Ihrem FERNUS.<\/p>\n<p>Das Snack-Gestell hat 2 Seiten. Auf der einen Seite stellen Sie Ihr Gericht ganz oben in den Ofen, so dass Ihr Produkt in direkten Kontakt mit dem hei\u00dfen Luftstrom von Ihrem Herd kommt. Umgekehrt liegt der Boden tiefer und verf\u00fcgt man \u00fcber einen tieferen Korb, in dem man beispielsweise Krokettenkl\u00f6\u00dfchen mit Hei\u00dfluft frittieren kann. Der Griff der Pizzaschaufel, die Sie zu dem FERNUS erhalten haben, passt auch auf das Snack-Gestell. Auf diese Weise k\u00f6nnen Sie Ihre Gerichte leicht aus dem Ofen herausholen, ohne sich die Finger zu verbrennen.<\/p>\n","protected":false},"featured_media":4477,"comment_status":"closed","ping_status":"closed","template":"","meta":[],"product_cat":[84,86],"product_tag":[],"class_list":{"0":"post-4483","1":"product","2":"type-product","3":"status-publish","4":"has-post-thumbnail","6":"product_cat-zubehoer","7":"product_cat-fernus-de","9":"first","10":"instock","11":"featured","12":"taxable","13":"shipping-taxable","14":"purchasable","15":"product-type-simple"},"yoast_head":"<!-- This site is optimized with the Yoast SEO plugin v24.0 - https:\/\/yoast.com\/wordpress\/plugins\/seo\/ -->\n<title>SnackGestell - Fernus&amp;Friends<\/title>\n<meta name=\"robots\" content=\"index, follow, max-snippet:-1, max-image-preview:large, max-video-preview:-1\" \/>\n<link rel=\"canonical\" href=\"https:\/\/fernus.nl\/de\/produkt\/snackgestell\/\" \/>\n<meta property=\"og:locale\" content=\"de_DE\" \/>\n<meta property=\"og:type\" content=\"article\" \/>\n<meta property=\"og:title\" content=\"SnackGestell - Fernus&amp;Friends\" \/>\n<meta property=\"og:description\" content=\"Ein praktischer Korb zum Braten oder Gratinieren mit Hei\u00dfluft in Ihrem FERNUS. Das Snack-Gestell hat 2 Seiten. Auf der einen Seite stellen Sie Ihr Gericht ganz oben in den Ofen, so dass Ihr Produkt in direkten Kontakt mit dem hei\u00dfen Luftstrom von Ihrem Herd kommt. Umgekehrt liegt der Boden tiefer und verf\u00fcgt man \u00fcber einen tieferen Korb, in dem man beispielsweise Krokettenkl\u00f6\u00dfchen mit Hei\u00dfluft frittieren kann. Der Griff der Pizzaschaufel, die Sie zu dem FERNUS erhalten haben, passt auch auf das Snack-Gestell. Auf diese Weise k\u00f6nnen Sie Ihre Gerichte leicht aus dem Ofen herausholen, ohne sich die Finger zu verbrennen.\" \/>\n<meta property=\"og:url\" content=\"https:\/\/fernus.nl\/de\/produkt\/snackgestell\/\" \/>\n<meta property=\"og:site_name\" content=\"Fernus&amp;Friends\" \/>\n<meta property=\"article:modified_time\" content=\"2020-11-02T16:28:51+00:00\" \/>\n<meta property=\"og:image\" content=\"https:\/\/fernus.nl\/wp-content\/uploads\/2020\/08\/snackrek.jpg\" \/>\n\t<meta property=\"og:image:width\" content=\"1200\" \/>\n\t<meta property=\"og:image:height\" content=\"1150\" \/>\n\t<meta property=\"og:image:type\" content=\"image\/jpeg\" \/>\n<meta name=\"twitter:card\" content=\"summary_large_image\" \/>\n<script type=\"application\/ld+json\" class=\"yoast-schema-graph\">{\"@context\":\"https:\/\/schema.org\",\"@graph\":[{\"@type\":\"WebPage\",\"@id\":\"https:\/\/fernus.nl\/de\/produkt\/snackgestell\/\",\"url\":\"https:\/\/fernus.nl\/de\/produkt\/snackgestell\/\",\"name\":\"SnackGestell - Fernus&amp;Friends\",\"isPartOf\":{\"@id\":\"https:\/\/fernus.nl\/de\/#website\"},\"primaryImageOfPage\":{\"@id\":\"https:\/\/fernus.nl\/de\/produkt\/snackgestell\/#primaryimage\"},\"image\":{\"@id\":\"https:\/\/fernus.nl\/de\/produkt\/snackgestell\/#primaryimage\"},\"thumbnailUrl\":\"https:\/\/fernus.nl\/wp-content\/uploads\/2020\/08\/snackrek.jpg\",\"datePublished\":\"2020-08-19T08:06:22+00:00\",\"dateModified\":\"2020-11-02T16:28:51+00:00\",\"breadcrumb\":{\"@id\":\"https:\/\/fernus.nl\/de\/produkt\/snackgestell\/#breadcrumb\"},\"inLanguage\":\"de\",\"potentialAction\":[{\"@type\":\"ReadAction\",\"target\":[\"https:\/\/fernus.nl\/de\/produkt\/snackgestell\/\"]}]},{\"@type\":\"ImageObject\",\"inLanguage\":\"de\",\"@id\":\"https:\/\/fernus.nl\/de\/produkt\/snackgestell\/#primaryimage\",\"url\":\"https:\/\/fernus.nl\/wp-content\/uploads\/2020\/08\/snackrek.jpg\",\"contentUrl\":\"https:\/\/fernus.nl\/wp-content\/uploads\/2020\/08\/snackrek.jpg\",\"width\":1200,\"height\":1150,\"caption\":\"snackrek voor Fernus oven\"},{\"@type\":\"BreadcrumbList\",\"@id\":\"https:\/\/fernus.nl\/de\/produkt\/snackgestell\/#breadcrumb\",\"itemListElement\":[{\"@type\":\"ListItem\",\"position\":1,\"name\":\"Home\",\"item\":\"https:\/\/fernus.nl\/de\/\"},{\"@type\":\"ListItem\",\"position\":2,\"name\":\"Products\",\"item\":\"https:\/\/fernus.nl\/de\/shop\/\"},{\"@type\":\"ListItem\",\"position\":3,\"name\":\"SnackGestell\"}]},{\"@type\":\"WebSite\",\"@id\":\"https:\/\/fernus.nl\/de\/#website\",\"url\":\"https:\/\/fernus.nl\/de\/\",\"name\":\"Fernus&amp;Friends\",\"description\":\"Introducing Fernus Pizza oven\",\"potentialAction\":[{\"@type\":\"SearchAction\",\"target\":{\"@type\":\"EntryPoint\",\"urlTemplate\":\"https:\/\/fernus.nl\/de\/?s={search_term_string}\"},\"query-input\":{\"@type\":\"PropertyValueSpecification\",\"valueRequired\":true,\"valueName\":\"search_term_string\"}}],\"inLanguage\":\"de\"}]}<\/script>\n<!-- \/ Yoast SEO plugin. -->","yoast_head_json":{"title":"SnackGestell - Fernus&amp;Friends","robots":{"index":"index","follow":"follow","max-snippet":"max-snippet:-1","max-image-preview":"max-image-preview:large","max-video-preview":"max-video-preview:-1"},"canonical":"https:\/\/fernus.nl\/de\/produkt\/snackgestell\/","og_locale":"de_DE","og_type":"article","og_title":"SnackGestell - Fernus&amp;Friends","og_description":"Ein praktischer Korb zum Braten oder Gratinieren mit Hei\u00dfluft in Ihrem FERNUS. Das Snack-Gestell hat 2 Seiten. Auf der einen Seite stellen Sie Ihr Gericht ganz oben in den Ofen, so dass Ihr Produkt in direkten Kontakt mit dem hei\u00dfen Luftstrom von Ihrem Herd kommt. Umgekehrt liegt der Boden tiefer und verf\u00fcgt man \u00fcber einen tieferen Korb, in dem man beispielsweise Krokettenkl\u00f6\u00dfchen mit Hei\u00dfluft frittieren kann. Der Griff der Pizzaschaufel, die Sie zu dem FERNUS erhalten haben, passt auch auf das Snack-Gestell. Auf diese Weise k\u00f6nnen Sie Ihre Gerichte leicht aus dem Ofen herausholen, ohne sich die Finger zu verbrennen.","og_url":"https:\/\/fernus.nl\/de\/produkt\/snackgestell\/","og_site_name":"Fernus&amp;Friends","article_modified_time":"2020-11-02T16:28:51+00:00","og_image":[{"width":1200,"height":1150,"url":"https:\/\/fernus.nl\/wp-content\/uploads\/2020\/08\/snackrek.jpg","type":"image\/jpeg"}],"twitter_card":"summary_large_image","schema":{"@context":"https:\/\/schema.org","@graph":[{"@type":"WebPage","@id":"https:\/\/fernus.nl\/de\/produkt\/snackgestell\/","url":"https:\/\/fernus.nl\/de\/produkt\/snackgestell\/","name":"SnackGestell - Fernus&amp;Friends","isPartOf":{"@id":"https:\/\/fernus.nl\/de\/#website"},"primaryImageOfPage":{"@id":"https:\/\/fernus.nl\/de\/produkt\/snackgestell\/#primaryimage"},"image":{"@id":"https:\/\/fernus.nl\/de\/produkt\/snackgestell\/#primaryimage"},"thumbnailUrl":"https:\/\/fernus.nl\/wp-content\/uploads\/2020\/08\/snackrek.jpg","datePublished":"2020-08-19T08:06:22+00:00","dateModified":"2020-11-02T16:28:51+00:00","breadcrumb":{"@id":"https:\/\/fernus.nl\/de\/produkt\/snackgestell\/#breadcrumb"},"inLanguage":"de","potentialAction":[{"@type":"ReadAction","target":["https:\/\/fernus.nl\/de\/produkt\/snackgestell\/"]}]},{"@type":"ImageObject","inLanguage":"de","@id":"https:\/\/fernus.nl\/de\/produkt\/snackgestell\/#primaryimage","url":"https:\/\/fernus.nl\/wp-content\/uploads\/2020\/08\/snackrek.jpg","contentUrl":"https:\/\/fernus.nl\/wp-content\/uploads\/2020\/08\/snackrek.jpg","width":1200,"height":1150,"caption":"snackrek voor Fernus oven"},{"@type":"BreadcrumbList","@id":"https:\/\/fernus.nl\/de\/produkt\/snackgestell\/#breadcrumb","itemListElement":[{"@type":"ListItem","position":1,"name":"Home","item":"https:\/\/fernus.nl\/de\/"},{"@type":"ListItem","position":2,"name":"Products","item":"https:\/\/fernus.nl\/de\/shop\/"},{"@type":"ListItem","position":3,"name":"SnackGestell"}]},{"@type":"WebSite","@id":"https:\/\/fernus.nl\/de\/#website","url":"https:\/\/fernus.nl\/de\/","name":"Fernus&amp;Friends","description":"Introducing Fernus Pizza oven","potentialAction":[{"@type":"SearchAction","target":{"@type":"EntryPoint","urlTemplate":"https:\/\/fernus.nl\/de\/?s={search_term_string}"},"query-input":{"@type":"PropertyValueSpecification","valueRequired":true,"valueName":"search_term_string"}}],"inLanguage":"de"}]}},"_links":{"self":[{"href":"https:\/\/fernus.nl\/de\/wp-json\/wp\/v2\/product\/4483","targetHints":{"allow":["GET"]}}],"collection":[{"href":"https:\/\/fernus.nl\/de\/wp-json\/wp\/v2\/product"}],"about":[{"href":"https:\/\/fernus.nl\/de\/wp-json\/wp\/v2\/types\/product"}],"replies":[{"embeddable":true,"href":"https:\/\/fernus.nl\/de\/wp-json\/wp\/v2\/comments?post=4483"}],"wp:featuredmedia":[{"embeddable":true,"href":"https:\/\/fernus.nl\/de\/wp-json\/wp\/v2\/media\/4477"}],"wp:attachment":[{"href":"https:\/\/fernus.nl\/de\/wp-json\/wp\/v2\/media?parent=4483"}],"wp:term":[{"taxonomy":"product_cat","embeddable":true,"href":"https:\/\/fernus.nl\/de\/wp-json\/wp\/v2\/product_cat?post=4483"},{"taxonomy":"product_tag","embeddable":true,"href":"https:\/\/fernus.nl\/de\/wp-json\/wp\/v2\/product_tag?post=4483"}],"curies":[{"name":"wp","href":"https:\/\/api.w.org\/{rel}","templated":true}]}}