{"id":4470,"date":"2020-08-19T10:10:09","date_gmt":"2020-08-19T08:10:09","guid":{"rendered":"https:\/\/fairenheit.com\/product\/smokeset\/"},"modified":"2020-11-02T17:28:42","modified_gmt":"2020-11-02T16:28:42","slug":"smokeset","status":"publish","type":"product","link":"https:\/\/fernus.nl\/de\/produkt\/smokeset\/","title":{"rendered":"SmokeSet"},"content":{"rendered":"","protected":false},"excerpt":{"rendered":"<p>Mit dem SmokeSet k\u00f6nnen Sie Ihren Ofen auch als R\u00e4ucherofen nutzen! Mit dem ChipFeeder k\u00f6nnen Sie Holzchips oder S\u00e4gemehl \u00fcber Ihrer Gasflamme schwelen lassen, ein Verschluss f\u00fcr die linke, rechte und r\u00fcckw\u00e4rtige Seite h\u00e4lt den Rauch im Inneren. Bewahren Sie eine niedrige Temperatur, zwischen 60 und 100 \u00b0C, schalten Sie die Dunstabzugshaube ein und genie\u00dfen Sie dann k\u00f6stliche R\u00e4ucherd\u00fcfte in Ihrem Fisch oder Gem\u00fcse<\/p>\n","protected":false},"featured_media":6705,"comment_status":"closed","ping_status":"closed","template":"","meta":[],"product_cat":[84,86],"product_tag":[],"class_list":{"0":"post-4470","1":"product","2":"type-product","3":"status-publish","4":"has-post-thumbnail","6":"product_cat-zubehoer","7":"product_cat-fernus-de","9":"first","10":"outofstock","11":"featured","12":"taxable","13":"shipping-taxable","14":"purchasable","15":"product-type-simple"},"yoast_head":"<!-- This site is optimized with the Yoast SEO plugin v24.0 - https:\/\/yoast.com\/wordpress\/plugins\/seo\/ -->\n<title>SmokeSet - Fernus&amp;Friends<\/title>\n<meta name=\"robots\" content=\"index, follow, max-snippet:-1, max-image-preview:large, max-video-preview:-1\" \/>\n<link rel=\"canonical\" href=\"https:\/\/fernus.nl\/de\/produkt\/smokeset\/\" \/>\n<meta property=\"og:locale\" content=\"de_DE\" \/>\n<meta property=\"og:type\" content=\"article\" \/>\n<meta property=\"og:title\" content=\"SmokeSet - Fernus&amp;Friends\" \/>\n<meta property=\"og:description\" content=\"Mit dem SmokeSet k\u00f6nnen Sie Ihren Ofen auch als R\u00e4ucherofen nutzen! Mit dem ChipFeeder k\u00f6nnen Sie Holzchips oder S\u00e4gemehl \u00fcber Ihrer Gasflamme schwelen lassen, ein Verschluss f\u00fcr die linke, rechte und r\u00fcckw\u00e4rtige Seite h\u00e4lt den Rauch im Inneren. Bewahren Sie eine niedrige Temperatur, zwischen 60 und 100 \u00b0C, schalten Sie die Dunstabzugshaube ein und genie\u00dfen Sie dann k\u00f6stliche R\u00e4ucherd\u00fcfte in Ihrem Fisch oder Gem\u00fcse\" \/>\n<meta property=\"og:url\" content=\"https:\/\/fernus.nl\/de\/produkt\/smokeset\/\" \/>\n<meta property=\"og:site_name\" content=\"Fernus&amp;Friends\" \/>\n<meta property=\"article:modified_time\" content=\"2020-11-02T16:28:42+00:00\" \/>\n<meta property=\"og:image\" content=\"https:\/\/fernus.nl\/wp-content\/uploads\/2020\/08\/smokeset1.jpg\" \/>\n\t<meta property=\"og:image:width\" content=\"600\" \/>\n\t<meta property=\"og:image:height\" content=\"600\" \/>\n\t<meta property=\"og:image:type\" content=\"image\/jpeg\" \/>\n<meta name=\"twitter:card\" content=\"summary_large_image\" \/>\n<script type=\"application\/ld+json\" class=\"yoast-schema-graph\">{\"@context\":\"https:\/\/schema.org\",\"@graph\":[{\"@type\":\"WebPage\",\"@id\":\"https:\/\/fernus.nl\/de\/produkt\/smokeset\/\",\"url\":\"https:\/\/fernus.nl\/de\/produkt\/smokeset\/\",\"name\":\"SmokeSet - Fernus&amp;Friends\",\"isPartOf\":{\"@id\":\"https:\/\/fernus.nl\/de\/#website\"},\"primaryImageOfPage\":{\"@id\":\"https:\/\/fernus.nl\/de\/produkt\/smokeset\/#primaryimage\"},\"image\":{\"@id\":\"https:\/\/fernus.nl\/de\/produkt\/smokeset\/#primaryimage\"},\"thumbnailUrl\":\"https:\/\/fernus.nl\/wp-content\/uploads\/2020\/08\/smokeset1.jpg\",\"datePublished\":\"2020-08-19T08:10:09+00:00\",\"dateModified\":\"2020-11-02T16:28:42+00:00\",\"breadcrumb\":{\"@id\":\"https:\/\/fernus.nl\/de\/produkt\/smokeset\/#breadcrumb\"},\"inLanguage\":\"de\",\"potentialAction\":[{\"@type\":\"ReadAction\",\"target\":[\"https:\/\/fernus.nl\/de\/produkt\/smokeset\/\"]}]},{\"@type\":\"ImageObject\",\"inLanguage\":\"de\",\"@id\":\"https:\/\/fernus.nl\/de\/produkt\/smokeset\/#primaryimage\",\"url\":\"https:\/\/fernus.nl\/wp-content\/uploads\/2020\/08\/smokeset1.jpg\",\"contentUrl\":\"https:\/\/fernus.nl\/wp-content\/uploads\/2020\/08\/smokeset1.jpg\",\"width\":600,\"height\":600},{\"@type\":\"BreadcrumbList\",\"@id\":\"https:\/\/fernus.nl\/de\/produkt\/smokeset\/#breadcrumb\",\"itemListElement\":[{\"@type\":\"ListItem\",\"position\":1,\"name\":\"Home\",\"item\":\"https:\/\/fernus.nl\/de\/\"},{\"@type\":\"ListItem\",\"position\":2,\"name\":\"Products\",\"item\":\"https:\/\/fernus.nl\/de\/shop\/\"},{\"@type\":\"ListItem\",\"position\":3,\"name\":\"SmokeSet\"}]},{\"@type\":\"WebSite\",\"@id\":\"https:\/\/fernus.nl\/de\/#website\",\"url\":\"https:\/\/fernus.nl\/de\/\",\"name\":\"Fernus&amp;Friends\",\"description\":\"Introducing Fernus Pizza oven\",\"potentialAction\":[{\"@type\":\"SearchAction\",\"target\":{\"@type\":\"EntryPoint\",\"urlTemplate\":\"https:\/\/fernus.nl\/de\/?s={search_term_string}\"},\"query-input\":{\"@type\":\"PropertyValueSpecification\",\"valueRequired\":true,\"valueName\":\"search_term_string\"}}],\"inLanguage\":\"de\"}]}<\/script>\n<!-- \/ Yoast SEO plugin. -->","yoast_head_json":{"title":"SmokeSet - Fernus&amp;Friends","robots":{"index":"index","follow":"follow","max-snippet":"max-snippet:-1","max-image-preview":"max-image-preview:large","max-video-preview":"max-video-preview:-1"},"canonical":"https:\/\/fernus.nl\/de\/produkt\/smokeset\/","og_locale":"de_DE","og_type":"article","og_title":"SmokeSet - Fernus&amp;Friends","og_description":"Mit dem SmokeSet k\u00f6nnen Sie Ihren Ofen auch als R\u00e4ucherofen nutzen! Mit dem ChipFeeder k\u00f6nnen Sie Holzchips oder S\u00e4gemehl \u00fcber Ihrer Gasflamme schwelen lassen, ein Verschluss f\u00fcr die linke, rechte und r\u00fcckw\u00e4rtige Seite h\u00e4lt den Rauch im Inneren. Bewahren Sie eine niedrige Temperatur, zwischen 60 und 100 \u00b0C, schalten Sie die Dunstabzugshaube ein und genie\u00dfen Sie dann k\u00f6stliche R\u00e4ucherd\u00fcfte in Ihrem Fisch oder Gem\u00fcse","og_url":"https:\/\/fernus.nl\/de\/produkt\/smokeset\/","og_site_name":"Fernus&amp;Friends","article_modified_time":"2020-11-02T16:28:42+00:00","og_image":[{"width":600,"height":600,"url":"https:\/\/fernus.nl\/wp-content\/uploads\/2020\/08\/smokeset1.jpg","type":"image\/jpeg"}],"twitter_card":"summary_large_image","schema":{"@context":"https:\/\/schema.org","@graph":[{"@type":"WebPage","@id":"https:\/\/fernus.nl\/de\/produkt\/smokeset\/","url":"https:\/\/fernus.nl\/de\/produkt\/smokeset\/","name":"SmokeSet - Fernus&amp;Friends","isPartOf":{"@id":"https:\/\/fernus.nl\/de\/#website"},"primaryImageOfPage":{"@id":"https:\/\/fernus.nl\/de\/produkt\/smokeset\/#primaryimage"},"image":{"@id":"https:\/\/fernus.nl\/de\/produkt\/smokeset\/#primaryimage"},"thumbnailUrl":"https:\/\/fernus.nl\/wp-content\/uploads\/2020\/08\/smokeset1.jpg","datePublished":"2020-08-19T08:10:09+00:00","dateModified":"2020-11-02T16:28:42+00:00","breadcrumb":{"@id":"https:\/\/fernus.nl\/de\/produkt\/smokeset\/#breadcrumb"},"inLanguage":"de","potentialAction":[{"@type":"ReadAction","target":["https:\/\/fernus.nl\/de\/produkt\/smokeset\/"]}]},{"@type":"ImageObject","inLanguage":"de","@id":"https:\/\/fernus.nl\/de\/produkt\/smokeset\/#primaryimage","url":"https:\/\/fernus.nl\/wp-content\/uploads\/2020\/08\/smokeset1.jpg","contentUrl":"https:\/\/fernus.nl\/wp-content\/uploads\/2020\/08\/smokeset1.jpg","width":600,"height":600},{"@type":"BreadcrumbList","@id":"https:\/\/fernus.nl\/de\/produkt\/smokeset\/#breadcrumb","itemListElement":[{"@type":"ListItem","position":1,"name":"Home","item":"https:\/\/fernus.nl\/de\/"},{"@type":"ListItem","position":2,"name":"Products","item":"https:\/\/fernus.nl\/de\/shop\/"},{"@type":"ListItem","position":3,"name":"SmokeSet"}]},{"@type":"WebSite","@id":"https:\/\/fernus.nl\/de\/#website","url":"https:\/\/fernus.nl\/de\/","name":"Fernus&amp;Friends","description":"Introducing Fernus Pizza oven","potentialAction":[{"@type":"SearchAction","target":{"@type":"EntryPoint","urlTemplate":"https:\/\/fernus.nl\/de\/?s={search_term_string}"},"query-input":{"@type":"PropertyValueSpecification","valueRequired":true,"valueName":"search_term_string"}}],"inLanguage":"de"}]}},"_links":{"self":[{"href":"https:\/\/fernus.nl\/de\/wp-json\/wp\/v2\/product\/4470","targetHints":{"allow":["GET"]}}],"collection":[{"href":"https:\/\/fernus.nl\/de\/wp-json\/wp\/v2\/product"}],"about":[{"href":"https:\/\/fernus.nl\/de\/wp-json\/wp\/v2\/types\/product"}],"replies":[{"embeddable":true,"href":"https:\/\/fernus.nl\/de\/wp-json\/wp\/v2\/comments?post=4470"}],"wp:featuredmedia":[{"embeddable":true,"href":"https:\/\/fernus.nl\/de\/wp-json\/wp\/v2\/media\/6705"}],"wp:attachment":[{"href":"https:\/\/fernus.nl\/de\/wp-json\/wp\/v2\/media?parent=4470"}],"wp:term":[{"taxonomy":"product_cat","embeddable":true,"href":"https:\/\/fernus.nl\/de\/wp-json\/wp\/v2\/product_cat?post=4470"},{"taxonomy":"product_tag","embeddable":true,"href":"https:\/\/fernus.nl\/de\/wp-json\/wp\/v2\/product_tag?post=4470"}],"curies":[{"name":"wp","href":"https:\/\/api.w.org\/{rel}","templated":true}]}}