{"id":4695,"date":"2020-10-15T14:19:18","date_gmt":"2020-10-15T12:19:18","guid":{"rendered":"https:\/\/fairenheit.com\/rueckgabe-garantie\/"},"modified":"2021-04-14T09:30:54","modified_gmt":"2021-04-14T07:30:54","slug":"rueckgabe-garantie","status":"publish","type":"page","link":"https:\/\/fernus.nl\/de\/rueckgabe-garantie\/","title":{"rendered":"R\u00fcckgabe &#038; Garantie"},"content":{"rendered":"<p>[vc_row type=&#8220;boxed&#8220; background_style=&#8220;normal&#8220; css=&#8220;.vc_custom_1487365316112{margin-top: 75px !important;padding-right: 50px !important;padding-left: 50px !important;}&#8220;][vc_column][vc_column_text css=&#8220;.vc_custom_1600112500707{margin-bottom: 50px !important;}&#8220;]<\/p>\n<h3 style=\"text-align: center;\"><span style=\"font-family: alternate-gothic-w05; font-size: 36pt;\">RETURNS<\/span><\/h3>\n<p>[\/vc_column_text][vc_row_inner css=&#8220;.vc_custom_1410358939666{margin-bottom: 20px !important;}&#8220;][vc_column_inner width=&#8220;1\/2&#8243; css=&#8220;.vc_custom_1443415906747{padding-right: 5% !important;padding-left: 10px !important;}&#8220;][vc_column_text]<span style=\"font-family: proxima-nova-reg;\">Jede Bestellung, die Sie bei uns aufgeben, hat eine Probezeit von 14 Tagen. Dies bedeutet, dass Sie das Produkt in diesem Zeitraum anzeigen k\u00f6nnen. M\u00f6glicherweise ist Ihr Kauf nicht das, wonach Sie gesucht haben, oder die Farbe oder Gr\u00f6\u00dfe stimmt einfach nicht. In jedem Fall k\u00f6nnen Sie es kostenlos an uns zur\u00fccksenden.<\/span><\/p>\n<p><span style=\"font-family: proxima-nova-reg;\">Sie k\u00f6nnen uns Ihre R\u00fccksendung \u00fcber meldene mail info@fernus.nl und dann an unser Logistikunternehmen zur\u00fccksenden:<\/span><\/p>\n<p><span style=\"font-family: proxima-nova-reg;\"><br \/>\nLogistiek in Optima Forma<br \/>\nWeg over Bisschop 1D<br \/>\n1934 CS EGMOND aan den HOEF<br \/>\nNEDERLAND <\/span>[\/vc_column_text][\/vc_column_inner][vc_column_inner width=&#8220;1\/2&#8243; css=&#8220;.vc_custom_1443415917948{padding-right: 5% !important;padding-left: 10px !important;}&#8220;][vc_column_text]<span style=\"font-family: proxima-nova-reg;\">Das Produkt muss inklusive Zubeh\u00f6r zur\u00fcckgesandt werden. Und so weit wie m\u00f6glich in der Originalverpackung oder auf andere Weise stellen Sie selbst eine robuste Box zur Verf\u00fcgung. Sie k\u00f6nnen die Box dann an die Post Agentur zur\u00fccksenden.<\/span><\/p>\n<p><span style=\"font-family: proxima-nova-reg;\">Die R\u00fccksendung wird von uns erhalten. Wir erstatten den Kaufbetrag auf Ihr Konto zur\u00fcck, gehen von maximal 1 Woche zwischen R\u00fcckgabe und R\u00fcckgabe Ihres Kaufbetrags aus.\u00a0<\/span>[\/vc_column_text][\/vc_column_inner][\/vc_row_inner][\/vc_column][\/vc_row][vc_row type=&#8220;boxed&#8220; background_style=&#8220;normal&#8220; css=&#8220;.vc_custom_1410359860044{padding-top: 30px !important;padding-bottom: 65px !important;}&#8220;][vc_column][vc_separator][\/vc_column][\/vc_row][vc_row type=&#8220;boxed&#8220; background_style=&#8220;normal&#8220; css=&#8220;.vc_custom_1487365252231{padding-right: 50px !important;padding-left: 50px !important;}&#8220;][vc_column][vc_column_text css=&#8220;.vc_custom_1600112530152{margin-bottom: 50px !important;}&#8220;]<\/p>\n<h3 style=\"text-align: center;\"><span style=\"font-family: alternate-gothic-w05; font-size: 36pt;\">LIEFERN<\/span><\/h3>\n<p>[\/vc_column_text][vc_row_inner css=&#8220;.vc_custom_1410358939666{margin-bottom: 20px !important;}&#8220;][vc_column_inner css=&#8220;.vc_custom_1600112609976{padding-right: 10px !important;padding-left: 10px !important;}&#8220;][vc_column_text]<span style=\"font-family: proxima-nova-reg;\">Fernus.nl bem\u00fcht sich, eine Bestellung innerhalb von max 4 Werktagen nach Zahlungseingang an die angegebene Adresse zu liefern.<\/span><\/p>\n<p><span style=\"font-family: proxima-nova-reg;\">Es ist sehr \u00e4rgerlich, wenn das Paket nicht ankommt, da wir Ihre Bestellung immer sehr sorgf\u00e4ltig bearbeiten. Wir w\u00fcrden gerne von Ihnen h\u00f6ren, wenn etwas schief geht. Rufen Sie uns an oder senden Sie eine E-Mail und wir werden Ihr Paket verfolgen.<\/span>[\/vc_column_text][\/vc_column_inner][\/vc_row_inner][\/vc_column][\/vc_row][vc_row type=&#8220;boxed&#8220; background_style=&#8220;normal&#8220; css=&#8220;.vc_custom_1410359869569{padding-top: 30px !important;padding-bottom: 65px !important;}&#8220;][vc_column][vc_separator][\/vc_column][\/vc_row][vc_row type=&#8220;boxed&#8220; background_style=&#8220;normal&#8220; css=&#8220;.vc_custom_1487365260609{padding-right: 50px !important;padding-left: 50px !important;}&#8220;][vc_column][vc_column_text css=&#8220;.vc_custom_1600112676485{margin-bottom: 50px !important;}&#8220;]<\/p>\n<h3 style=\"text-align: center;\"><span style=\"font-family: alternate-gothic-w05; font-size: 36pt;\">GARANTIE<\/span><\/h3>\n<p>[\/vc_column_text][vc_row_inner css=&#8220;.vc_custom_1410358939666{margin-bottom: 20px !important;}&#8220;][vc_column_inner css=&#8220;.vc_custom_1600112697042{padding-right: 10px !important;padding-left: 10px !important;}&#8220;][vc_column_text]<span style=\"font-family: proxima-nova-reg;\">Es ist \u00e4rgerlich, wenn etwas schief geht. Selbstverst\u00e4ndlich geben wir eine Garantie auf die Produkte. Dies gilt f\u00fcr einen Zeitraum von 1 Jahr nach dem Kauf. Wenn Ihr Produkt innerhalb dieser Frist M\u00e4ngel aufweist, k\u00f6nnen Sie es uns kostenlos zur\u00fccksenden. Wir m\u00f6chten darauf hinweisen, dass die Schrauben des Woodstacks, der FirePlate und des Backrings von FireTable bei Verwendung im Freien rosten. Rust ist kein Grund, von der Garantie Gebrauch zu machen. <\/span><\/p>\n<p><span style=\"font-family: proxima-nova-semibld;\">www.fernus.nl Handelsname Manhaft BV \u2013 kvk 77222415 <\/span>[\/vc_column_text][\/vc_column_inner][\/vc_row_inner][\/vc_column][\/vc_row]<\/p>\n","protected":false},"excerpt":{"rendered":"<p>[vc_row type=&#8220;boxed&#8220; background_style=&#8220;normal&#8220; css=&#8220;.vc_custom_1487365316112{margin-top: 75px !important;padding-right: 50px !important;padding-left: 50px !important;}&#8220;][vc_column][vc_column_text css=&#8220;.vc_custom_1600112500707{margin-bottom: 50px !important;}&#8220;] RETURNS [\/vc_column_text][vc_row_inner css=&#8220;.vc_custom_1410358939666{margin-bottom: 20px !important;}&#8220;][vc_column_inner width=&#8220;1\/2&#8243; css=&#8220;.vc_custom_1443415906747{padding-right: 5% !important;padding-left: 10px !important;}&#8220;][vc_column_text]Jede Bestellung, die Sie bei uns aufgeben, hat eine Probezeit von 14 Tagen. Dies bedeutet, dass Sie das Produkt in diesem Zeitraum anzeigen k\u00f6nnen. M\u00f6glicherweise ist Ihr Kauf nicht das, wonach Sie [&hellip;]<\/p>\n","protected":false},"author":8,"featured_media":0,"parent":0,"menu_order":0,"comment_status":"closed","ping_status":"closed","template":"page-boxed.php","meta":{"footnotes":""},"class_list":["post-4695","page","type-page","status-publish","hentry"],"yoast_head":"<!-- This site is optimized with the Yoast SEO plugin v24.0 - https:\/\/yoast.com\/wordpress\/plugins\/seo\/ -->\n<title>R\u00fcckgabe &amp; Garantie - Fernus&amp;Friends<\/title>\n<meta name=\"description\" content=\"Es ist \u00e4rgerlich, wenn etwas schief geht. Nat\u00fcrlich geben wir eine Garantie. Kontaktieren Sie uns und wir besprechen, was wir tun k\u00f6nnen.\" \/>\n<meta name=\"robots\" content=\"index, follow, max-snippet:-1, max-image-preview:large, max-video-preview:-1\" \/>\n<link rel=\"canonical\" href=\"https:\/\/fernus.nl\/de\/rueckgabe-garantie\/\" \/>\n<meta property=\"og:locale\" content=\"de_DE\" \/>\n<meta property=\"og:type\" content=\"article\" \/>\n<meta property=\"og:title\" content=\"R\u00fcckgabe &amp; Garantie - Fernus&amp;Friends\" \/>\n<meta property=\"og:description\" content=\"Es ist \u00e4rgerlich, wenn etwas schief geht. Nat\u00fcrlich geben wir eine Garantie. Kontaktieren Sie uns und wir besprechen, was wir tun k\u00f6nnen.\" \/>\n<meta property=\"og:url\" content=\"https:\/\/fernus.nl\/de\/rueckgabe-garantie\/\" \/>\n<meta property=\"og:site_name\" content=\"Fernus&amp;Friends\" \/>\n<meta property=\"article:modified_time\" content=\"2021-04-14T07:30:54+00:00\" \/>\n<meta name=\"twitter:card\" content=\"summary_large_image\" \/>\n<meta name=\"twitter:label1\" content=\"Gesch\u00e4tzte Lesezeit\" \/>\n\t<meta name=\"twitter:data1\" content=\"3\u00a0Minuten\" \/>\n<script type=\"application\/ld+json\" class=\"yoast-schema-graph\">{\"@context\":\"https:\/\/schema.org\",\"@graph\":[{\"@type\":\"WebPage\",\"@id\":\"https:\/\/fernus.nl\/de\/rueckgabe-garantie\/\",\"url\":\"https:\/\/fernus.nl\/de\/rueckgabe-garantie\/\",\"name\":\"R\u00fcckgabe & Garantie - Fernus&amp;Friends\",\"isPartOf\":{\"@id\":\"https:\/\/fernus.nl\/de\/#website\"},\"datePublished\":\"2020-10-15T12:19:18+00:00\",\"dateModified\":\"2021-04-14T07:30:54+00:00\",\"description\":\"Es ist \u00e4rgerlich, wenn etwas schief geht. Nat\u00fcrlich geben wir eine Garantie. Kontaktieren Sie uns und wir besprechen, was wir tun k\u00f6nnen.\",\"breadcrumb\":{\"@id\":\"https:\/\/fernus.nl\/de\/rueckgabe-garantie\/#breadcrumb\"},\"inLanguage\":\"de\",\"potentialAction\":[{\"@type\":\"ReadAction\",\"target\":[\"https:\/\/fernus.nl\/de\/rueckgabe-garantie\/\"]}]},{\"@type\":\"BreadcrumbList\",\"@id\":\"https:\/\/fernus.nl\/de\/rueckgabe-garantie\/#breadcrumb\",\"itemListElement\":[{\"@type\":\"ListItem\",\"position\":1,\"name\":\"Home\",\"item\":\"https:\/\/fernus.nl\/de\/\"},{\"@type\":\"ListItem\",\"position\":2,\"name\":\"R\u00fcckgabe &#038; Garantie\"}]},{\"@type\":\"WebSite\",\"@id\":\"https:\/\/fernus.nl\/de\/#website\",\"url\":\"https:\/\/fernus.nl\/de\/\",\"name\":\"Fernus&amp;Friends\",\"description\":\"Introducing Fernus Pizza oven\",\"potentialAction\":[{\"@type\":\"SearchAction\",\"target\":{\"@type\":\"EntryPoint\",\"urlTemplate\":\"https:\/\/fernus.nl\/de\/?s={search_term_string}\"},\"query-input\":{\"@type\":\"PropertyValueSpecification\",\"valueRequired\":true,\"valueName\":\"search_term_string\"}}],\"inLanguage\":\"de\"}]}<\/script>\n<!-- \/ Yoast SEO plugin. -->","yoast_head_json":{"title":"R\u00fcckgabe & Garantie - Fernus&amp;Friends","description":"Es ist \u00e4rgerlich, wenn etwas schief geht. Nat\u00fcrlich geben wir eine Garantie. Kontaktieren Sie uns und wir besprechen, was wir tun k\u00f6nnen.","robots":{"index":"index","follow":"follow","max-snippet":"max-snippet:-1","max-image-preview":"max-image-preview:large","max-video-preview":"max-video-preview:-1"},"canonical":"https:\/\/fernus.nl\/de\/rueckgabe-garantie\/","og_locale":"de_DE","og_type":"article","og_title":"R\u00fcckgabe & Garantie - Fernus&amp;Friends","og_description":"Es ist \u00e4rgerlich, wenn etwas schief geht. Nat\u00fcrlich geben wir eine Garantie. Kontaktieren Sie uns und wir besprechen, was wir tun k\u00f6nnen.","og_url":"https:\/\/fernus.nl\/de\/rueckgabe-garantie\/","og_site_name":"Fernus&amp;Friends","article_modified_time":"2021-04-14T07:30:54+00:00","twitter_card":"summary_large_image","twitter_misc":{"Gesch\u00e4tzte Lesezeit":"3\u00a0Minuten"},"schema":{"@context":"https:\/\/schema.org","@graph":[{"@type":"WebPage","@id":"https:\/\/fernus.nl\/de\/rueckgabe-garantie\/","url":"https:\/\/fernus.nl\/de\/rueckgabe-garantie\/","name":"R\u00fcckgabe & Garantie - Fernus&amp;Friends","isPartOf":{"@id":"https:\/\/fernus.nl\/de\/#website"},"datePublished":"2020-10-15T12:19:18+00:00","dateModified":"2021-04-14T07:30:54+00:00","description":"Es ist \u00e4rgerlich, wenn etwas schief geht. Nat\u00fcrlich geben wir eine Garantie. Kontaktieren Sie uns und wir besprechen, was wir tun k\u00f6nnen.","breadcrumb":{"@id":"https:\/\/fernus.nl\/de\/rueckgabe-garantie\/#breadcrumb"},"inLanguage":"de","potentialAction":[{"@type":"ReadAction","target":["https:\/\/fernus.nl\/de\/rueckgabe-garantie\/"]}]},{"@type":"BreadcrumbList","@id":"https:\/\/fernus.nl\/de\/rueckgabe-garantie\/#breadcrumb","itemListElement":[{"@type":"ListItem","position":1,"name":"Home","item":"https:\/\/fernus.nl\/de\/"},{"@type":"ListItem","position":2,"name":"R\u00fcckgabe &#038; Garantie"}]},{"@type":"WebSite","@id":"https:\/\/fernus.nl\/de\/#website","url":"https:\/\/fernus.nl\/de\/","name":"Fernus&amp;Friends","description":"Introducing Fernus Pizza oven","potentialAction":[{"@type":"SearchAction","target":{"@type":"EntryPoint","urlTemplate":"https:\/\/fernus.nl\/de\/?s={search_term_string}"},"query-input":{"@type":"PropertyValueSpecification","valueRequired":true,"valueName":"search_term_string"}}],"inLanguage":"de"}]}},"_links":{"self":[{"href":"https:\/\/fernus.nl\/de\/wp-json\/wp\/v2\/pages\/4695","targetHints":{"allow":["GET"]}}],"collection":[{"href":"https:\/\/fernus.nl\/de\/wp-json\/wp\/v2\/pages"}],"about":[{"href":"https:\/\/fernus.nl\/de\/wp-json\/wp\/v2\/types\/page"}],"author":[{"embeddable":true,"href":"https:\/\/fernus.nl\/de\/wp-json\/wp\/v2\/users\/8"}],"replies":[{"embeddable":true,"href":"https:\/\/fernus.nl\/de\/wp-json\/wp\/v2\/comments?post=4695"}],"version-history":[{"count":16,"href":"https:\/\/fernus.nl\/de\/wp-json\/wp\/v2\/pages\/4695\/revisions"}],"predecessor-version":[{"id":6304,"href":"https:\/\/fernus.nl\/de\/wp-json\/wp\/v2\/pages\/4695\/revisions\/6304"}],"wp:attachment":[{"href":"https:\/\/fernus.nl\/de\/wp-json\/wp\/v2\/media?parent=4695"}],"curies":[{"name":"wp","href":"https:\/\/api.w.org\/{rel}","templated":true}]}}