{"id":4683,"date":"2020-10-15T13:17:14","date_gmt":"2020-10-15T11:17:14","guid":{"rendered":"https:\/\/fairenheit.com\/about-us\/"},"modified":"2021-04-14T09:46:49","modified_gmt":"2021-04-14T07:46:49","slug":"about-us","status":"publish","type":"page","link":"https:\/\/fernus.nl\/de\/about-us\/","title":{"rendered":"About us"},"content":{"rendered":"<p>[vc_row full_width=&#8220;stretch_row_content&#8220; css=&#8220;.vc_custom_1600095571578{padding-top: 50px !important;}&#8220; el_class=&#8220;text-aboutus&#8220;][vc_column][vc_column_text]<\/p>\n<h1 style=\"text-align: right;\"><span style=\"font-size: 36pt; font-family: alternate-gothic-w05;\">\u00a9 Dutch design, locally produced<\/span><\/h1>\n<p>[\/vc_column_text][\/vc_column][\/vc_row][vc_row full_width=&#8220;stretch_row_content&#8220; el_class=&#8220;text-aboutus&#8220;][vc_column offset=&#8220;vc_col-lg-6 vc_col-md-6&#8243;][vc_column_text]FERNUS&amp;FRIENDS m\u00f6chte inspirieren und Erfahrungen anbieten. Mit deiner Familie, Freunden, Verwandten. Wir sind inspiriert von der uralten Anziehungskraft des Feuers, vom Designprozess und von den Rohstoffen, aus denen wir Produkte und Gerichte herstellen.[\/vc_column_text][\/vc_column][vc_column offset=&#8220;vc_col-lg-6 vc_col-md-6 vc_hidden-sm vc_hidden-xs&#8220;][\/vc_column][\/vc_row][vc_row full_width=&#8220;stretch_row_content&#8220; el_class=&#8220;text-aboutus&#8220;][vc_column width=&#8220;1\/3&#8243; offset=&#8220;vc_col-lg-4 vc_col-md-4&#8243; el_class=&#8220;portfoliofoto&#8220;][vc_single_image image=&#8220;4676&#8243; img_size=&#8220;full&#8220; css_animation=&#8220;none&#8220;][\/vc_column][vc_column width=&#8220;1\/3&#8243; offset=&#8220;vc_col-lg-4 vc_col-md-4&#8243; el_class=&#8220;portfoliofoto&#8220;][vc_single_image image=&#8220;6154&#8243; img_size=&#8220;full&#8220; css_animation=&#8220;none&#8220;][\/vc_column][vc_column width=&#8220;1\/3&#8243; el_class=&#8220;portfoliofoto&#8220;][vc_single_image image=&#8220;4674&#8243; img_size=&#8220;full&#8220; css_animation=&#8220;none&#8220;][\/vc_column][\/vc_row][vc_row full_width=&#8220;stretch_row_content&#8220; el_class=&#8220;text-aboutus&#8220;][vc_column width=&#8220;2\/3&#8243; el_class=&#8220;productright productalignleft&#8220;][vc_column_text]<\/p>\n<h2>Entwickelt in den Niederlanden<\/h2>\n<p>FERNUS&amp;FRIENDS-Produkte werden in den Niederlanden konzipiert und im eigenen Hause hergestellt. Unsere Entw\u00fcrfe m\u00fcssen ein paar einfache Kriterien erf\u00fcllen; die Produkte m\u00fcssen originell, aus hochwertigen Materialien und nachhaltig gefertigt sein, damit sie ein Leben lang halten.[\/vc_column_text][vc_column_text css=&#8220;.vc_custom_1614335698223{padding-top: 25px !important;}&#8220;]<\/p>\n<h2>Kreieren, inspirieren und erleben<\/h2>\n<p>Fernus&amp;Friends will inspirieren und Erlebnisse vermitteln. Mit Ihrer Familie, Ihren Verwandten, Freunden oder einfach nur auf eigene Faust experimentieren. Nehmen Sie sich doch einmal Zeit, um Ihren eigenen Kaffee zu r\u00f6sten. Kaffeebohnen aus verschiedenen Teilen der Welt schmecken tats\u00e4chlich unterschiedlich. Das sagen uns die gro\u00dfen Marken, aber es selbst zu erfahren, macht viel mehr Spa\u00df und vermittelt Ihnen &#8211; und den Menschen um Sie herum &#8211; ein unvergessliches Erlebnis.[\/vc_column_text][\/vc_column][vc_column width=&#8220;1\/3&#8243; el_class=&#8220;portfoliofoto&#8220;][vc_single_image image=&#8220;4677&#8243; img_size=&#8220;full&#8220; css_animation=&#8220;none&#8220;][\/vc_column][\/vc_row][vc_row full_width=&#8220;stretch_row_content&#8220; el_class=&#8220;text-aboutus&#8220;][vc_column css_animation=&#8220;none&#8220; width=&#8220;1\/3&#8243; offset=&#8220;vc_col-lg-4 vc_col-md-4&#8243; el_class=&#8220;portfoliofoto&#8220;][vc_single_image image=&#8220;4673&#8243; img_size=&#8220;full&#8220;][\/vc_column][vc_column width=&#8220;1\/3&#8243; offset=&#8220;vc_col-lg-4 vc_col-md-4 vc_hidden-sm vc_hidden-xs&#8220; el_class=&#8220;portfoliofoto&#8220;][vc_single_image image=&#8220;4672&#8243; img_size=&#8220;full&#8220; css_animation=&#8220;none&#8220;][\/vc_column][vc_column width=&#8220;1\/3&#8243; el_class=&#8220;portfoliofoto&#8220;][vc_single_image image=&#8220;4671&#8243; img_size=&#8220;full&#8220; css_animation=&#8220;none&#8220;][\/vc_column][\/vc_row][vc_row full_width=&#8220;stretch_row_content&#8220; el_class=&#8220;text-aboutus&#8220;][vc_column width=&#8220;1\/3&#8243; offset=&#8220;vc_col-lg-4 vc_col-md-4&#8243; el_class=&#8220;portfoliofoto&#8220;][vc_single_image image=&#8220;4670&#8243; img_size=&#8220;full&#8220; css_animation=&#8220;none&#8220;][\/vc_column][vc_column width=&#8220;1\/3&#8243; offset=&#8220;vc_col-lg-4 vc_col-md-4 vc_hidden-sm vc_hidden-xs&#8220; el_class=&#8220;portfoliofoto&#8220;][vc_single_image image=&#8220;4669&#8243; img_size=&#8220;full&#8220; css_animation=&#8220;none&#8220;][\/vc_column][vc_column width=&#8220;1\/3&#8243; el_class=&#8220;portfoliofoto&#8220;][vc_single_image image=&#8220;4668&#8243; img_size=&#8220;full&#8220; css_animation=&#8220;none&#8220;][\/vc_column][\/vc_row][vc_row full_width=&#8220;stretch_row_content&#8220; el_class=&#8220;text-aboutus&#8220; css=&#8220;.vc_custom_1600095930850{padding-top: 30px !important;}&#8220;][vc_column el_class=&#8220;productright productalignleft&#8220;][vc_column_text]<\/p>\n<h2>Material und Haltbarkeit<\/h2>\n<p>Unsere Kreationen entstehen in Zusammenarbeit mit anderen leidenschaftlichen Profis: K\u00f6chen, Baristas, Glasbl\u00e4sern, Metallarbeitern, Designern und anderen Handwerkern. Erschaffen verbindet; miteinander, mit dem Augenblick und mit den Dingen, die wir sammeln. S\u00e4mtliche Produkte von Fernus&amp;Friends sind so konzipiert, dass sie an die n\u00e4chste Generation weitergegeben werden k\u00f6nnen.[\/vc_column_text][\/vc_column][\/vc_row]<\/p>\n","protected":false},"excerpt":{"rendered":"<p>[vc_row full_width=&#8220;stretch_row_content&#8220; css=&#8220;.vc_custom_1600095571578{padding-top: 50px !important;}&#8220; el_class=&#8220;text-aboutus&#8220;][vc_column][vc_column_text] \u00a9 Dutch design, locally produced [\/vc_column_text][\/vc_column][\/vc_row][vc_row full_width=&#8220;stretch_row_content&#8220; el_class=&#8220;text-aboutus&#8220;][vc_column offset=&#8220;vc_col-lg-6 vc_col-md-6&#8243;][vc_column_text]FERNUS&amp;FRIENDS m\u00f6chte inspirieren und Erfahrungen anbieten. Mit deiner Familie, Freunden, Verwandten. Wir sind inspiriert von der uralten Anziehungskraft des Feuers, vom Designprozess und von den Rohstoffen, aus denen wir Produkte und Gerichte herstellen.[\/vc_column_text][\/vc_column][vc_column offset=&#8220;vc_col-lg-6 vc_col-md-6 vc_hidden-sm vc_hidden-xs&#8220;][\/vc_column][\/vc_row][vc_row full_width=&#8220;stretch_row_content&#8220; el_class=&#8220;text-aboutus&#8220;][vc_column width=&#8220;1\/3&#8243; [&hellip;]<\/p>\n","protected":false},"author":8,"featured_media":0,"parent":0,"menu_order":0,"comment_status":"closed","ping_status":"closed","template":"","meta":{"footnotes":""},"class_list":["post-4683","page","type-page","status-publish","hentry"],"yoast_head":"<!-- This site is optimized with the Yoast SEO plugin v24.0 - https:\/\/yoast.com\/wordpress\/plugins\/seo\/ -->\n<title>Fairenheit Food and Fire products<\/title>\n<meta name=\"description\" content=\"Fernus&amp;Friends will inspirieren und Erlebnisse vermitteln. Mit Ihrer Familie, Ihren Verwandten, Freunden oder einfach nur auf eigene Faust experimentieren. Fernus&amp;Friends-Produkte werden in den Niederlanden konzipiert und im eigenen Hause hergestellt.\" \/>\n<meta name=\"robots\" content=\"index, follow, max-snippet:-1, max-image-preview:large, max-video-preview:-1\" \/>\n<link rel=\"canonical\" href=\"https:\/\/fernus.nl\/de\/about-us\/\" \/>\n<meta property=\"og:locale\" content=\"de_DE\" \/>\n<meta property=\"og:type\" content=\"article\" \/>\n<meta property=\"og:title\" content=\"Fairenheit Food and Fire products\" \/>\n<meta property=\"og:description\" content=\"Fernus&amp;Friends will inspirieren und Erlebnisse vermitteln. Mit Ihrer Familie, Ihren Verwandten, Freunden oder einfach nur auf eigene Faust experimentieren. Fernus&amp;Friends-Produkte werden in den Niederlanden konzipiert und im eigenen Hause hergestellt.\" \/>\n<meta property=\"og:url\" content=\"https:\/\/fernus.nl\/de\/about-us\/\" \/>\n<meta property=\"og:site_name\" content=\"Fernus&amp;Friends\" \/>\n<meta property=\"article:modified_time\" content=\"2021-04-14T07:46:49+00:00\" \/>\n<meta name=\"twitter:card\" content=\"summary_large_image\" \/>\n<meta name=\"twitter:label1\" content=\"Gesch\u00e4tzte Lesezeit\" \/>\n\t<meta name=\"twitter:data1\" content=\"3\u00a0Minuten\" \/>\n<script type=\"application\/ld+json\" class=\"yoast-schema-graph\">{\"@context\":\"https:\/\/schema.org\",\"@graph\":[{\"@type\":\"WebPage\",\"@id\":\"https:\/\/fernus.nl\/de\/about-us\/\",\"url\":\"https:\/\/fernus.nl\/de\/about-us\/\",\"name\":\"Fairenheit Food and Fire products\",\"isPartOf\":{\"@id\":\"https:\/\/fernus.nl\/de\/#website\"},\"datePublished\":\"2020-10-15T11:17:14+00:00\",\"dateModified\":\"2021-04-14T07:46:49+00:00\",\"description\":\"Fernus&Friends will inspirieren und Erlebnisse vermitteln. Mit Ihrer Familie, Ihren Verwandten, Freunden oder einfach nur auf eigene Faust experimentieren. Fernus&Friends-Produkte werden in den Niederlanden konzipiert und im eigenen Hause hergestellt.\",\"breadcrumb\":{\"@id\":\"https:\/\/fernus.nl\/de\/about-us\/#breadcrumb\"},\"inLanguage\":\"de\",\"potentialAction\":[{\"@type\":\"ReadAction\",\"target\":[\"https:\/\/fernus.nl\/de\/about-us\/\"]}]},{\"@type\":\"BreadcrumbList\",\"@id\":\"https:\/\/fernus.nl\/de\/about-us\/#breadcrumb\",\"itemListElement\":[{\"@type\":\"ListItem\",\"position\":1,\"name\":\"Home\",\"item\":\"https:\/\/fernus.nl\/de\/\"},{\"@type\":\"ListItem\",\"position\":2,\"name\":\"About us\"}]},{\"@type\":\"WebSite\",\"@id\":\"https:\/\/fernus.nl\/de\/#website\",\"url\":\"https:\/\/fernus.nl\/de\/\",\"name\":\"Fernus&amp;Friends\",\"description\":\"Introducing Fernus Pizza oven\",\"potentialAction\":[{\"@type\":\"SearchAction\",\"target\":{\"@type\":\"EntryPoint\",\"urlTemplate\":\"https:\/\/fernus.nl\/de\/?s={search_term_string}\"},\"query-input\":{\"@type\":\"PropertyValueSpecification\",\"valueRequired\":true,\"valueName\":\"search_term_string\"}}],\"inLanguage\":\"de\"}]}<\/script>\n<!-- \/ Yoast SEO plugin. -->","yoast_head_json":{"title":"Fairenheit Food and Fire products","description":"Fernus&Friends will inspirieren und Erlebnisse vermitteln. Mit Ihrer Familie, Ihren Verwandten, Freunden oder einfach nur auf eigene Faust experimentieren. Fernus&Friends-Produkte werden in den Niederlanden konzipiert und im eigenen Hause hergestellt.","robots":{"index":"index","follow":"follow","max-snippet":"max-snippet:-1","max-image-preview":"max-image-preview:large","max-video-preview":"max-video-preview:-1"},"canonical":"https:\/\/fernus.nl\/de\/about-us\/","og_locale":"de_DE","og_type":"article","og_title":"Fairenheit Food and Fire products","og_description":"Fernus&Friends will inspirieren und Erlebnisse vermitteln. Mit Ihrer Familie, Ihren Verwandten, Freunden oder einfach nur auf eigene Faust experimentieren. Fernus&Friends-Produkte werden in den Niederlanden konzipiert und im eigenen Hause hergestellt.","og_url":"https:\/\/fernus.nl\/de\/about-us\/","og_site_name":"Fernus&amp;Friends","article_modified_time":"2021-04-14T07:46:49+00:00","twitter_card":"summary_large_image","twitter_misc":{"Gesch\u00e4tzte Lesezeit":"3\u00a0Minuten"},"schema":{"@context":"https:\/\/schema.org","@graph":[{"@type":"WebPage","@id":"https:\/\/fernus.nl\/de\/about-us\/","url":"https:\/\/fernus.nl\/de\/about-us\/","name":"Fairenheit Food and Fire products","isPartOf":{"@id":"https:\/\/fernus.nl\/de\/#website"},"datePublished":"2020-10-15T11:17:14+00:00","dateModified":"2021-04-14T07:46:49+00:00","description":"Fernus&Friends will inspirieren und Erlebnisse vermitteln. Mit Ihrer Familie, Ihren Verwandten, Freunden oder einfach nur auf eigene Faust experimentieren. Fernus&Friends-Produkte werden in den Niederlanden konzipiert und im eigenen Hause hergestellt.","breadcrumb":{"@id":"https:\/\/fernus.nl\/de\/about-us\/#breadcrumb"},"inLanguage":"de","potentialAction":[{"@type":"ReadAction","target":["https:\/\/fernus.nl\/de\/about-us\/"]}]},{"@type":"BreadcrumbList","@id":"https:\/\/fernus.nl\/de\/about-us\/#breadcrumb","itemListElement":[{"@type":"ListItem","position":1,"name":"Home","item":"https:\/\/fernus.nl\/de\/"},{"@type":"ListItem","position":2,"name":"About us"}]},{"@type":"WebSite","@id":"https:\/\/fernus.nl\/de\/#website","url":"https:\/\/fernus.nl\/de\/","name":"Fernus&amp;Friends","description":"Introducing Fernus Pizza oven","potentialAction":[{"@type":"SearchAction","target":{"@type":"EntryPoint","urlTemplate":"https:\/\/fernus.nl\/de\/?s={search_term_string}"},"query-input":{"@type":"PropertyValueSpecification","valueRequired":true,"valueName":"search_term_string"}}],"inLanguage":"de"}]}},"_links":{"self":[{"href":"https:\/\/fernus.nl\/de\/wp-json\/wp\/v2\/pages\/4683","targetHints":{"allow":["GET"]}}],"collection":[{"href":"https:\/\/fernus.nl\/de\/wp-json\/wp\/v2\/pages"}],"about":[{"href":"https:\/\/fernus.nl\/de\/wp-json\/wp\/v2\/types\/page"}],"author":[{"embeddable":true,"href":"https:\/\/fernus.nl\/de\/wp-json\/wp\/v2\/users\/8"}],"replies":[{"embeddable":true,"href":"https:\/\/fernus.nl\/de\/wp-json\/wp\/v2\/comments?post=4683"}],"version-history":[{"count":26,"href":"https:\/\/fernus.nl\/de\/wp-json\/wp\/v2\/pages\/4683\/revisions"}],"predecessor-version":[{"id":6312,"href":"https:\/\/fernus.nl\/de\/wp-json\/wp\/v2\/pages\/4683\/revisions\/6312"}],"wp:attachment":[{"href":"https:\/\/fernus.nl\/de\/wp-json\/wp\/v2\/media?parent=4683"}],"curies":[{"name":"wp","href":"https:\/\/api.w.org\/{rel}","templated":true}]}}